{"id":4487,"date":"2023-07-20T11:44:03","date_gmt":"2023-07-20T11:44:03","guid":{"rendered":"https:\/\/immediateevex.com\/zasady-ochrany-osobnich-udaju\/"},"modified":"2024-05-31T08:45:51","modified_gmt":"2024-05-31T08:45:51","slug":"zasady-ochrany-osobnich-udaju","status":"publish","type":"page","link":"https:\/\/immediateevex.com\/cs\/zasady-ochrany-osobnich-udaju\/","title":{"rendered":"Z\u00e1sady ochrany osobn\u00edch \u00fadaj\u016f"},"content":{"rendered":"<?xml encoding=\"UTF-8\"><div class=\"gb-container gb-container-f493ca47\">\n<div class=\"gb-container gb-container-74097ace\">\n\n<h1 class=\"gb-headline gb-headline-d325e19c gb-headline-text\"><strong>Z&aacute;sady ochrany osobn&iacute;ch &uacute;daj&#367;<\/strong><\/h1>\n\n<\/div>\n<\/div><div class=\"gb-container gb-container-1f40b461\">\n<div class=\"gb-container gb-container-cd0a0029\">\n\n<h2 class=\"wp-block-heading\">Kdo jsme<\/h2>\n\n\n\n<p>Na&scaron;e webov&aacute; adresa je: https:\/\/immediateevex.com\/.<\/p>\n\n\n\n<h2 class=\"wp-block-heading\">Koment&aacute;&#345;e<\/h2>\n\n\n\n<p>Kdy&#382; n&aacute;v&scaron;t&#283;vn&iacute;ci zanechaj&iacute; na webu koment&aacute;&#345;e, shroma&#382;&#271;ujeme &uacute;daje zobrazen&eacute; ve formul&aacute;&#345;i pro koment&aacute;&#345;e a tak&eacute; IP adresu n&aacute;v&scaron;t&#283;vn&iacute;ka a &#345;et&#283;zec u&#382;ivatelsk&eacute;ho agenta prohl&iacute;&#382;e&#269;e, abychom pomohli odhalit spam.<\/p>\n\n\n\n<p>Anonymizovan&yacute; &#345;et&#283;zec vytvo&#345;en&yacute; z va&scaron;&iacute; e-mailov&eacute; adresy (tak&eacute; naz&yacute;van&yacute; hash) m&#367;&#382;e b&yacute;t poskytnut slu&#382;b&#283; Gravatar, abyste zjistili, zda ji pou&#382;&iacute;v&aacute;te. Z&aacute;sady ochrany osobn&iacute;ch &uacute;daj&#367; slu&#382;by Gravatar jsou k dispozici zde: https:\/\/automattic.com\/privacy\/. Po schv&aacute;len&iacute; va&scaron;eho koment&aacute;&#345;e bude v&aacute;&scaron; profilov&yacute; obr&aacute;zek viditeln&yacute; pro ve&#345;ejnost v kontextu va&scaron;eho koment&aacute;&#345;e.<\/p>\n\n\n\n<h2 class=\"wp-block-heading\">M&eacute;dia<\/h2>\n\n\n\n<p>Pokud na web nahr&aacute;v&aacute;te obr&aacute;zky, m&#283;li byste se vyhnout nahr&aacute;v&aacute;n&iacute; obr&aacute;zk&#367; s vlo&#382;en&yacute;mi &uacute;daji o poloze (EXIF GPS). N&aacute;v&scaron;t&#283;vn&iacute;ci webu si mohou st&aacute;hnout a extrahovat jak&aacute;koli data o poloze z obr&aacute;zk&#367; na webu.<\/p>\n\n\n\n<h2 class=\"wp-block-heading\">Soubory cookie<\/h2>\n\n\n\n<p>Pokud na na&scaron;em webu zanech&aacute;te koment&aacute;&#345;, m&#367;&#382;ete se p&#345;ihl&aacute;sit k ukl&aacute;d&aacute;n&iacute; sv&eacute;ho jm&eacute;na, e-mailov&eacute; adresy a webu do soubor&#367; cookie. Jsou pro va&scaron;e pohodl&iacute;, abyste nemuseli znovu vypl&#328;ovat sv&eacute; &uacute;daje, kdy&#382; zanech&aacute;te dal&scaron;&iacute; koment&aacute;&#345;. Tyto cookies vydr&#382;&iacute; jeden rok.<\/p>\n\n\n\n<p>Pokud nav&scaron;t&iacute;v&iacute;te na&scaron;i p&#345;ihla&scaron;ovac&iacute; str&aacute;nku, nastav&iacute;me do&#269;asn&yacute; soubor cookie, abychom zjistili, zda v&aacute;&scaron; prohl&iacute;&#382;e&#269; p&#345;ij&iacute;m&aacute; soubory cookie. Tento soubor cookie neobsahuje &#382;&aacute;dn&eacute; osobn&iacute; &uacute;daje a po zav&#345;en&iacute; prohl&iacute;&#382;e&#269;e je vy&#345;azen.<\/p>\n\n\n\n<p>Kdy&#382; se p&#345;ihl&aacute;s&iacute;te, nastav&iacute;me tak&eacute; n&#283;kolik soubor&#367; cookie pro ulo&#382;en&iacute; va&scaron;ich p&#345;ihla&scaron;ovac&iacute;ch &uacute;daj&#367; a va&scaron;ich voleb zobrazen&iacute; obrazovky. P&#345;ihla&scaron;ovac&iacute; soubory cookie vydr&#382;&iacute; dva dny a soubory cookie mo&#382;nost&iacute; obrazovky vydr&#382;&iacute; rok. Pokud zvol&iacute;te &bdquo;Zapamatovat si m&#283;&ldquo;, va&scaron;e p&#345;ihl&aacute;&scaron;en&iacute; bude trvat dva t&yacute;dny. Pokud se odhl&aacute;s&iacute;te ze sv&eacute;ho &uacute;&#269;tu, p&#345;ihla&scaron;ovac&iacute; soubory cookie budou odstran&#283;ny.<\/p>\n\n\n\n<p>Pokud uprav&iacute;te nebo publikujete &#269;l&aacute;nek, ulo&#382;&iacute; se do va&scaron;eho prohl&iacute;&#382;e&#269;e dal&scaron;&iacute; cookie. Tento soubor cookie neobsahuje &#382;&aacute;dn&eacute; osobn&iacute; &uacute;daje a pouze ozna&#269;uje ID p&#345;&iacute;sp&#283;vku &#269;l&aacute;nku, kter&yacute; jste pr&aacute;v&#283; upravili. Jeho platnost vypr&scaron;&iacute; po 1 dni.<\/p>\n\n\n\n<h2 class=\"wp-block-heading\">Vlo&#382;en&yacute; obsah z jin&yacute;ch webov&yacute;ch str&aacute;nek<\/h2>\n\n\n\n<p>&#268;l&aacute;nky na t&eacute;to str&aacute;nce mohou obsahovat vlo&#382;en&yacute; obsah (nap&#345;. videa, obr&aacute;zky, &#269;l&aacute;nky atd.). Vlo&#382;en&yacute; obsah z jin&yacute;ch webov&yacute;ch str&aacute;nek se chov&aacute; &uacute;pln&#283; stejn&#283;, jako kdyby n&aacute;v&scaron;t&#283;vn&iacute;k nav&scaron;t&iacute;vil jinou webovou str&aacute;nku.<\/p>\n\n\n\n<p>Tyto webov&eacute; str&aacute;nky mohou shroma&#382;&#271;ovat &uacute;daje o v&aacute;s, pou&#382;&iacute;vat soubory cookie, vkl&aacute;dat dal&scaron;&iacute; sledov&aacute;n&iacute; t&#345;et&iacute;ch stran a monitorovat va&scaron;i interakci s t&iacute;mto vlo&#382;en&yacute;m obsahem, v&#269;etn&#283; sledov&aacute;n&iacute; va&scaron;&iacute; interakce s vlo&#382;en&yacute;m obsahem, pokud m&aacute;te &uacute;&#269;et a jste na dan&eacute; webov&eacute; str&aacute;nce p&#345;ihl&aacute;&scaron;eni.<\/p>\n\n\n\n<h2 class=\"wp-block-heading\">S k&yacute;m sd&iacute;l&iacute;me va&scaron;e &uacute;daje<\/h2>\n\n\n\n<p>Pokud po&#382;&aacute;d&aacute;te o reset hesla, va&scaron;e IP adresa bude zahrnuta v e-mailu pro resetov&aacute;n&iacute;.<\/p>\n\n\n\n<h2 class=\"wp-block-heading\">Jak dlouho va&scaron;e &uacute;daje uchov&aacute;v&aacute;me<\/h2>\n\n\n\n<p>Pokud zanech&aacute;te koment&aacute;&#345;, bude koment&aacute;&#345; a jeho metadata uchov&aacute;na po neomezenou dobu. Je to proto, abychom mohli rozpoznat a schv&aacute;lit jak&eacute;koli n&aacute;sledn&eacute; koment&aacute;&#345;e automaticky, m&iacute;sto abychom je dr&#382;eli ve front&#283; na moderov&aacute;n&iacute;.<\/p>\n\n\n\n<p>Pro u&#382;ivatele, kte&#345;&iacute; se zaregistruj&iacute; na na&scaron;ich webov&yacute;ch str&aacute;nk&aacute;ch (pokud existuj&iacute;), ukl&aacute;d&aacute;me tak&eacute; osobn&iacute; &uacute;daje, kter&eacute; poskytuj&iacute;, v jejich u&#382;ivatelsk&eacute;m profilu. V&scaron;ichni u&#382;ivatel&eacute; mohou kdykoli zobrazit, upravit nebo smazat sv&eacute; osobn&iacute; &uacute;daje (krom&#283; toho, &#382;e nemohou zm&#283;nit sv&eacute; u&#382;ivatelsk&eacute; jm&eacute;no). Spr&aacute;vci webov&yacute;ch str&aacute;nek mohou tyto informace tak&eacute; zobrazit a upravovat.<\/p>\n\n\n\n<h2 class=\"wp-block-heading\">Jak&aacute; pr&aacute;va m&aacute;te nad sv&yacute;mi &uacute;daji<\/h2>\n\n\n\n<p>Pokud m&aacute;te &uacute;&#269;et na t&eacute;to str&aacute;nce nebo jste zanechali koment&aacute;&#345;e, m&#367;&#382;ete po&#382;&aacute;dat o zasl&aacute;n&iacute; exportovan&eacute;ho souboru osobn&iacute;ch &uacute;daj&#367;, kter&eacute; o v&aacute;s uchov&aacute;v&aacute;me, v&#269;etn&#283; v&scaron;ech &uacute;daj&#367;, kter&eacute; jste n&aacute;m poskytli. M&#367;&#382;ete tak&eacute; po&#382;&aacute;dat, abychom vymazali ve&scaron;ker&eacute; osobn&iacute; &uacute;daje, kter&eacute; o v&aacute;s uchov&aacute;v&aacute;me. To nezahrnuje &#382;&aacute;dn&eacute; &uacute;daje, kter&eacute; jsme povinni uchov&aacute;vat pro administrativn&iacute;, pr&aacute;vn&iacute; nebo bezpe&#269;nostn&iacute; &uacute;&#269;ely.<\/p>\n\n\n\n<h2 class=\"wp-block-heading\">Kam se pos&iacute;laj&iacute; va&scaron;e data<\/h2>\n\n\n\n<p>Koment&aacute;&#345;e n&aacute;v&scaron;t&#283;vn&iacute;k&#367; mohou b&yacute;t kontrolov&aacute;ny prost&#345;ednictv&iacute;m slu&#382;by automatick&eacute; detekce spamu.<\/p>\n\n<\/div>\n<\/div>\n","protected":false},"excerpt":{"rendered":"<p>Z&aacute;sady ochrany osobn&iacute;ch &uacute;daj&#367; Kdo jsme Na&scaron;e webov&aacute; adresa je: https:\/\/immediateevex.com\/. Koment&aacute;&#345;e Kdy&#382; n&aacute;v&scaron;t&#283;vn&iacute;ci zanechaj&iacute; na webu koment&aacute;&#345;e, shroma&#382;&#271;ujeme &uacute;daje zobrazen&eacute; ve formul&aacute;&#345;i pro koment&aacute;&#345;e a tak&eacute; IP adresu n&aacute;v&scaron;t&#283;vn&iacute;ka a &#345;et&#283;zec u&#382;ivatelsk&eacute;ho agenta prohl&iacute;&#382;e&#269;e, abychom pomohli odhalit spam. Anonymizovan&yacute; &#345;et&#283;zec vytvo&#345;en&yacute; z va&scaron;&iacute; e-mailov&eacute; adresy (tak&eacute; naz&yacute;van&yacute; hash) m&#367;&#382;e b&yacute;t poskytnut slu&#382;b&#283; Gravatar, abyste &#8230; <a title=\"Z\u00e1sady ochrany osobn\u00edch \u00fadaj\u016f\" class=\"read-more\" href=\"https:\/\/immediateevex.com\/cs\/zasady-ochrany-osobnich-udaju\/\" aria-label=\"\u010c\u00edst v\u00edce o Z\u00e1sady ochrany osobn\u00edch \u00fadaj\u016f\">Read more<\/a><\/p>\n","protected":false},"author":1,"featured_media":0,"parent":0,"menu_order":0,"comment_status":"closed","ping_status":"closed","template":"","meta":{"footnotes":""},"class_list":["post-4487","page","type-page","status-publish"],"_links":{"self":[{"href":"https:\/\/immediateevex.com\/cs\/wp-json\/wp\/v2\/pages\/4487","targetHints":{"allow":["GET"]}}],"collection":[{"href":"https:\/\/immediateevex.com\/cs\/wp-json\/wp\/v2\/pages"}],"about":[{"href":"https:\/\/immediateevex.com\/cs\/wp-json\/wp\/v2\/types\/page"}],"author":[{"embeddable":true,"href":"https:\/\/immediateevex.com\/cs\/wp-json\/wp\/v2\/users\/1"}],"replies":[{"embeddable":true,"href":"https:\/\/immediateevex.com\/cs\/wp-json\/wp\/v2\/comments?post=4487"}],"version-history":[{"count":0,"href":"https:\/\/immediateevex.com\/cs\/wp-json\/wp\/v2\/pages\/4487\/revisions"}],"wp:attachment":[{"href":"https:\/\/immediateevex.com\/cs\/wp-json\/wp\/v2\/media?parent=4487"}],"curies":[{"name":"wp","href":"https:\/\/api.w.org\/{rel}","templated":true}]}}