{"id":4671,"date":"2020-09-18T14:36:50","date_gmt":"2020-09-18T14:36:50","guid":{"rendered":"https:\/\/immediateevex.com\/o-nas\/"},"modified":"2024-11-13T15:42:06","modified_gmt":"2024-11-13T15:42:06","slug":"o-nas","status":"publish","type":"page","link":"https:\/\/immediateevex.com\/cs\/o-nas\/","title":{"rendered":"O n\u00e1s"},"content":{"rendered":"<?xml encoding=\"UTF-8\"><div class=\"gb-container gb-container-a462a256\">\n<div class=\"gb-container gb-container-2acc6621\">\n\n<h1 class=\"gb-headline gb-headline-d325e19c gb-headline-text\">R00001 &ndash; O n&aacute;s<\/h1>\n\n<\/div>\n<\/div><div class=\"gb-container gb-container-287f468b\">\n<div class=\"gb-grid-wrapper gb-grid-wrapper-962a4b61\">\n<div class=\"gb-grid-column gb-grid-column-518eebe1\"><div class=\"gb-container gb-container-518eebe1\">\n\n<h2 class=\"gb-headline gb-headline-db283a53 gb-headline-text\">Co je R00001?<\/h2>\n\n\n\n<p class=\"gb-headline gb-headline-2aab0c09 gb-headline-text\">Kdy&#382; se stanete &#269;lenem komunity <a href=\"https:\/\/immediateevex.com\/cs\/\" data-type=\"page\" data-id=\"3554\">R00001<\/a> , odemknete p&#345;&iacute;stup k p&#345;edn&iacute;mu softwaru pro obchodov&aacute;n&iacute; s kryptom&#283;nami. M&#367;&#382;ete si b&yacute;t jisti, &#382;e p&#345;edchoz&iacute; zku&scaron;enosti nebo zku&scaron;enosti s obchodov&aacute;n&iacute;m nejsou podm&iacute;nkou pro vyu&#382;it&iacute; jeho mo&#382;nost&iacute;.<br><br>Na&scaron;e platforma p&#345;in&aacute;&scaron;&iacute; &#345;adu v&yacute;hod. Pe&#269;liv&#283; shroma&#382;&#271;uje a analyzuje data, &#269;in&iacute; logick&aacute; a objektivn&iacute; rozhodnut&iacute; a bezprobl&eacute;mov&#283; prov&aacute;d&iacute; obchody va&scaron;&iacute;m jm&eacute;nem, a to prakticky nep&#345;etr&#382;it&#283;.<br><br>R00001 jde nad r&aacute;mec pouh&eacute;ho automatizovan&eacute;ho obchodn&iacute;ho softwaru &ndash; je to komplexn&iacute; online obchodn&iacute; komunita. Na&scaron;i &#269;lenov&eacute; vyu&#382;&iacute;vaj&iacute; v&yacute;hod bezprobl&eacute;mov&eacute;ho a ziskov&eacute;ho obchodov&aacute;n&iacute; s kryptom&#283;nami na jednom m&iacute;st&#283;.<br><br>S R00001 doch&aacute;z&iacute; k anal&yacute;ze trend&#367; trhu a automatizovan&yacute;m obchodn&iacute;m akc&iacute;m s pozoruhodnou rychlost&iacute; a p&#345;ekon&aacute;v&aacute; mnoho jin&eacute;ho obchodn&iacute;ho softwaru o ohromuj&iacute;c&iacute;ch 0,01 sekundy.<\/p>\n\n<\/div><\/div>\n\n<div class=\"gb-grid-column gb-grid-column-c979851e\"><div class=\"gb-container gb-container-c979851e\">\n<div class=\"gb-container gb-container-07c2a368\">\n\n<h2 class=\"gb-headline gb-headline-857f0010 gb-headline-text\">Zjist&#283;te v&iacute;ce o na&scaron;&iacute; platform&#283; &ndash; bezplatn&aacute; registrace<\/h2>\n\n\n<?xml encoding=\"UTF-8\"><script>\n        localStorage.setItem('fxbot_ab_testing', '{\"login\":[],\"registration\":[],\"contactus\":[]}');\n    <\/script><style>\n        .reCAPTCHAContent {\n            display: none;\n            visibility: hidden;\n        }\n    <\/style><script>\n    localStorage.setItem('fxbot_api_parameters', '[{\"key\":\"funnel\",\"value\":\"KW_F_00001\",\"override\":true},{\"key\":\"emailmarketing\",\"value\":\"1\",\"override\":true}]');\n    localStorage.setItem('fxbot_alias_url', 'wp-content\/plugins\/fxbot-registration-form\/api.php');\n    localStorage.setItem('fxbot_email_marketing', '1');\n    localStorage.setItem('fxbot_email_marketing_debounce', 'true');\n    localStorage.setItem('fxbot_email_marketing_debounce_time', '1000');\n    localStorage.setItem('fxbot_recaptcha_enabled', 'false');\n    localStorage.setItem('fxbot_recaptcha_site_key', 'EMPTY');\n    localStorage.setItem('fxbot_alt_reg_popup_query_selector', '');\n    localStorage.setItem('fxbot_redirectVariant', '0');\n<\/script><div class=\"form-widget\" id=\"optInFormWrapper\">\n    <form action=\"\" class=\"flex flex-column\" data-form=\"optInForm\" data-urlsearchparams=\"\" data-widget=\"registration_2_step\" id=\"opt-form\" method=\"post\" name=\"optInForm\">\n        <div class=\"elementor-field-type-text elementor-field-group elementor-column elementor-field-group-name elementor-col-100 form-group\">\n            <label for=\"form-first_name\" class=\"elementor-field-label elementor-screen-only\">Jm&eacute;no<\/label>\n            <input class=\"elementor-field elementor-size-sm  elementor-field-textual regFormFirstName\" placeholder=\"Jm&eacute;no\" data-input=\"firstname\" data-valid=\"false\" id=\"form-first_name\" name=\"firstname\" size=\"1\" type=\"text\">\n            <p class=\"error-message\"><\/p>\n        <\/div>\n\n        <div class=\"elementor-field-type-text elementor-field-group elementor-column elementor-field-group-name elementor-col-100 form-group\">\n            <label for=\"form-last_name\" class=\"elementor-field-label elementor-screen-only\">P&#345;&iacute;jmen&iacute;<\/label>\n            <input class=\"elementor-field elementor-size-sm elementor-field-textual regFormLastNname\" placeholder=\"P&#345;&iacute;jmen&iacute;\" data-input=\"lastname\" data-valid=\"false\" id=\"form-last_name\" name=\"lastname\" size=\"1\" type=\"text\">\n            <p class=\"error-message\"><\/p>\n        <\/div>\n\n        <div class=\"form-group elementor-field-type-text elementor-field-group elementor-column elementor-field-group-name elementor-col-100\">\n            <label class=\"elementor-field-label elementor-screen-only\" for=\"form-email\">E-mailem<\/label>\n            <input class=\"regFormEmail elementor-field elementor-size-sm elementor-field-textual\" placeholder=\"E-mailem\" data-input=\"email\" data-valid=\"false\" id=\"form-email\" name=\"email\" type=\"email\">\n            <p class=\"error-message\"><\/p>\n            <div class=\"form-group__emailValid-info\">\n                <span class=\"form-group__emailValid-message\"><span>M&#283;li jste na mysli<\/span> <b><\/b>?<\/span> <span class=\"form-group__emailValid-btn\">Nahradit<\/span>            <\/div>\n        <\/div>\n\n        <p class=\"reCAPTCHAContent\">\n            Tento web je chr&aacute;n&#283;n reCAPTCHA a plat&iacute; <a href=\"https:\/\/policies.google.com\/privacy\/cs\/\" target=\"_blank\" rel=\"noopener\">Z&aacute;sady ochrany osobn&iacute;ch &uacute;daj&#367; Google<\/a> a <a href=\"https:\/\/policies.google.com\/terms\/cs\/\" target=\"_blank\" rel=\"noopener\">Podm&iacute;nky slu&#382;by<\/a>.        <\/p>\n\n        <button class=\"zoom regFormButton elementor-button elementor-size-sm\" data-button=\"submit\" id=\"optInForm-btn\">\n            Learn More        <\/button>\n    <\/form>\n<\/div><div class=\"form-widget\" id=\"regFormWrapper\" style=\"visibility: hidden; width: 0; height:0\">\n    <form action=\"\" class=\"flex flex-column\" data-form=\"registrationForm\" data-urlsearchparams=\"\" data-widget=\"registration_2_step\" id=\"reg-form\" method=\"post\" name=\"registrationForm\">\n        <div class=\"elementor-field-type-text elementor-field-group elementor-column elementor-field-group-name elementor-col-100 form-group\">\n            <label for=\"form-first_name\" class=\"elementor-field-label elementor-screen-only\">Jm&eacute;no<\/label>\n            <input class=\"elementor-field elementor-size-sm  elementor-field-textual regFormFirstName\" placeholder=\"Jm&eacute;no\" data-input=\"firstname\" data-valid=\"false\" id=\"form-first_name\" name=\"firstname\" size=\"1\" type=\"text\">\n            <p class=\"error-message\"><\/p>\n        <\/div>\n\n        <div class=\"elementor-field-type-text elementor-field-group elementor-column elementor-field-group-name elementor-col-100 form-group\">\n            <label for=\"form-last_name\" class=\"elementor-field-label elementor-screen-only\">P&#345;&iacute;jmen&iacute;<\/label>\n            <input class=\"elementor-field elementor-size-sm elementor-field-textual regFormLastNname\" placeholder=\"P&#345;&iacute;jmen&iacute;\" data-input=\"lastname\" data-valid=\"false\" id=\"form-last_name\" name=\"lastname\" size=\"1\" type=\"text\">\n            <p class=\"error-message\"><\/p>\n        <\/div>\n\n        <div class=\"elementor-field-type-text elementor-field-group elementor-column elementor-field-group-name elementor-col-100 form-group form-group__emailValid\">\n            <label class=\"elementor-field-label elementor-screen-only\" for=\"form-email\">E-mailem<\/label>\n            <input class=\"elementor-field elementor-size-sm elementor-field-textual regFormEmail\" placeholder=\"E-mailem\" data-input=\"email\" data-valid=\"false\" id=\"form-email\" name=\"email\" type=\"email\">\n            <p class=\"error-message\"><\/p>\n            <p class=\"form-group__emailValid-info\">\n                <span class=\"form-group__emailValid-message\"><span>M&#283;li jste na mysli<\/span> <b><\/b>?<\/span> <span class=\"form-group__emailValid-btn\">Nahradit<\/span>            <\/p>\n        <\/div>\n\n        <div class=\"elementor-field-type-tel elementor-field-group elementor-column elementor-field-group-field_fad38fc elementor-col-100 form-group reg-phone\">\n            <label class=\"elementor-field-label elementor-screen-only\" for=\"form-phone_number\">Telefonn&iacute; &#269;&iacute;slo<\/label>\n            <input class=\"elementor-field elementor-size-sm elementor-field-textual regFormPhoneNumber\" placeholder=\"Telefonn&iacute; &#269;&iacute;slo\" autocompvare=\"off\" data-input=\"phone_number\" data-valid=\"false\" id=\"form-phone_number\" name=\"phone_number\" size=\"1\" type=\"text\">\n            <p class=\"error-message\"><\/p>\n        <\/div>\n\n        <p class=\"reCAPTCHAContent\">\n            Tento web je chr&aacute;n&#283;n reCAPTCHA a plat&iacute; <a href=\"https:\/\/policies.google.com\/privacy\/cs\/\" target=\"_blank\" rel=\"noopener\">Z&aacute;sady ochrany osobn&iacute;ch &uacute;daj&#367; Google<\/a> a <a href=\"https:\/\/policies.google.com\/terms\/cs\/\" target=\"_blank\" rel=\"noopener\">Podm&iacute;nky slu&#382;by<\/a>.        <\/p>\n\n        <button class=\"elementor-button zoom regFormButton\" data-button=\"submit\" id=\"form-btn\" type=\"button\">\n            Learn More        <\/button>\n\n        <div class=\"wrapper__rar-no\" data-modal=\"success\" style=\"display: none\">\n            <div class=\"success\">\n                <img decoding=\"async\" src=\"\/wp-content\/plugins\/fxbot-registration-form\/assets\/images\/regSuccess.png\" alt=\"D&#283;kujeme za registraci\" title=\"\">\n                <p>D&#283;kujeme za registraci.<br> N&aacute;&scaron; agent v&aacute;s brzy kontaktuje.<br> Ujist&#283;te se, &#382;e jste pou&#382;ili skute&#269;n&eacute; telefonn&iacute; &#269;&iacute;slo.<br> D&iacute;ky.<\/p>\n            <\/div>\n        <\/div>\n\n        <div class=\"wrapper__rar-no\" data-modal=\"alternative_success\" style=\"display: none\">\n            <div class=\"success\">\n                <p class=\"reg_title\">\n                    <b>&Uacute;sp&#283;&scaron;n&#283; jste se p&#345;ipojili.<\/b>\n                <\/p>\n                <p>Z&aacute;stupce spole&#269;nosti v&aacute;s brzy kontaktuje. Ujist&#283;te se, &#382;e jste k dispozici telefonicky, abyste nezme&scaron;kali hovor.<\/p>\n            <\/div>\n        <\/div>\n\n        <div class=\"wrapper__error\" data-modal=\"error\" style=\"display: none\"><\/div>\n    <\/form>\n<\/div><div class=\"submit-overlay\" style=\"display: none;\">\n    <div class=\"lds-spinner\">\n        <div><\/div>\n        <div><\/div>\n        <div><\/div>\n        <div><\/div>\n        <div><\/div>\n        <div><\/div>\n        <div><\/div>\n        <div><\/div>\n    <\/div>\n    <p class=\"overlay-text\">Spoj&iacute;me v&aacute;s s nejlep&scaron;&iacute;m makl&eacute;&#345;em ve va&scaron;&iacute; oblasti<\/p>\n<\/div>\n\n\n<\/div>\n<\/div><\/div>\n<\/div>\n<\/div><div class=\"gb-container gb-container-197d4570\">\n\n<a class=\"gb-button gb-button-e8c7dfa5\" href=\"https:\/\/immediateevex.com\/cs\/\"><span class=\"gb-button-text\">Z&Iacute;SKEJTE P&#344;&Iacute;STUP K R00001 NYN&Iacute;<\/span><span class=\"gb-icon\"><svg xmlns=\"http:\/\/www.w3.org\/2000\/svg\" aria-hidden=\"true\" role=\"img\" height=\"1em\" width=\"1em\" viewbox=\"0 0 256 512\"><path fill=\"currentColor\" d=\"M224.3 273l-136 136c-9.4 9.4-24.6 9.4-33.9 0l-22.6-22.6c-9.4-9.4-9.4-24.6 0-33.9l96.4-96.4-96.4-96.4c-9.4-9.4-9.4-24.6 0-33.9L54.3 103c9.4-9.4 24.6-9.4 33.9 0l136 136c9.5 9.4 9.5 24.6.1 34z\"><\/path><\/svg><\/span><\/a>\n\n<\/div><div class=\"gb-container gb-container-1bdeec8b\">\n<div class=\"gb-container gb-container-9d34a979\"><\/div>\n\n<div class=\"gb-container gb-container-1e789d4e\">\n\n<h3 class=\"gb-headline gb-headline-29613722 gb-headline-text\"><strong>Odemkn&#283;te v&yacute;hody softwaru R00001<\/strong><\/h3>\n\n\n\n<p>R00001 Vynik&aacute; v anal&yacute;ze trhu v re&aacute;ln&eacute;m &#269;ase a rychl&eacute;m proveden&iacute;<br><br>Jednou z v&yacute;jime&#269;n&yacute;ch vlastnost&iacute; R00001 je jeho bezkonkuren&#269;n&iacute; schopnost nep&#345;etr&#382;it&#283; shroma&#382;&#271;ovat a efektivn&#283; analyzovat tr&#382;n&iacute; data v re&aacute;ln&eacute;m &#269;ase. D&iacute;ky tomu m&#367;&#382;e n&aacute;&scaron; software prov&aacute;d&#283;t obchodn&iacute; p&#345;&iacute;kazy bezkonkuren&#269;n&iacute; rychlost&iacute;, kter&aacute; p&#345;ed&#269;&iacute; jak lidsk&eacute; obchodn&iacute;ky, tak jin&aacute; softwarov&aacute; &#345;e&scaron;en&iacute;. Krom&#283; toho se R00001 spol&eacute;h&aacute; na statistickou anal&yacute;zu, logiku a matematick&eacute; algoritmy pro objektivn&iacute; obchodn&iacute; rozhodnut&iacute;, eliminuje vliv lidsk&yacute;ch emoc&iacute; a nezaru&#269;uje &#382;&aacute;dn&yacute; prostor pro emocion&aacute;ln&iacute; obchodov&aacute;n&iacute;.<br><br>Dal&scaron;&iacute; pozoruhodnou schopnost&iacute; R00001 je jeho funkce backstagingu. Tento neoceniteln&yacute; n&aacute;stroj umo&#382;&#328;uje testovat nastaven&iacute; na z&aacute;klad&#283; minul&yacute;ch tr&#382;n&iacute;ch podm&iacute;nek a zajistit, aby zvolen&eacute; konfigurace byly co nejv&yacute;hodn&#283;j&scaron;&iacute;. Va&scaron;e pe&#269;liv&#283; vytvo&#345;en&aacute; pravidla budou v&#283;rn&#283; zachov&aacute;na a dodr&#382;ov&aacute;na, zat&iacute;mco n&aacute;&scaron; sofistikovan&yacute; software se postar&aacute; o ve&scaron;kerou t&#283;&#382;kou pr&aacute;ci.<br><br>R00001 nab&iacute;z&iacute; flexibilitu automatick&yacute;ch i manu&aacute;ln&iacute;ch mo&#382;nost&iacute; obchodov&aacute;n&iacute; a umo&#382;&#328;uje u&#382;ivatel&#367;m vybrat si &uacute;rove&#328; zapojen&iacute; do sv&yacute;ch obchod&#367; na z&aacute;klad&#283; &uacute;rovn&#283; sv&yacute;ch dovednost&iacute;, dostupn&eacute;ho &#269;asu nebo osobn&iacute;ho z&aacute;jmu. Nav&iacute;c s R00001 m&#367;&#382;ete spravovat v&iacute;ce &uacute;&#269;t&#367;, kter&eacute; v&aacute;m poskytuj&iacute; bohat&eacute; obchodn&iacute; mo&#382;nosti, mo&#382;nost testovat, upravovat a porovn&aacute;vat strategie, co&#382; nakonec otev&iacute;r&aacute; dve&#345;e k ziskov&#283;j&scaron;&iacute;m p&#345;&iacute;le&#382;itostem. <\/p>\n\n<\/div>\n<\/div><div class=\"gb-container gb-container-67945ee0\">\n<div class=\"gb-container gb-container-12a13938\">\n\n<a class=\"gb-button gb-button-15cad45f\" href=\"https:\/\/immediateevex.com\/cs\/\"><span class=\"gb-button-text\"><strong>Test R00001<\/strong><\/span><span class=\"gb-icon\"><svg xmlns=\"http:\/\/www.w3.org\/2000\/svg\" aria-hidden=\"true\" role=\"img\" height=\"1em\" width=\"1em\" viewbox=\"0 0 256 512\"><path fill=\"currentColor\" d=\"M224.3 273l-136 136c-9.4 9.4-24.6 9.4-33.9 0l-22.6-22.6c-9.4-9.4-9.4-24.6 0-33.9l96.4-96.4-96.4-96.4c-9.4-9.4-9.4-24.6 0-33.9L54.3 103c9.4-9.4 24.6-9.4 33.9 0l136 136c9.5 9.4 9.5 24.6.1 34z\"><\/path><\/svg><\/span><\/a>\n\n<\/div>\n<\/div><div class=\"gb-container gb-container-5d2e4740\">\n<div class=\"gb-container gb-container-d34d15be\">\n<div class=\"gb-grid-wrapper gb-grid-wrapper-4257ebc4\">\n<div class=\"gb-grid-column gb-grid-column-60a1d140\"><div class=\"gb-container gb-container-60a1d140\">\n<div class=\"gb-container gb-container-d446dbb2\">\n\n<span class=\"gb-button gb-button-4f39012e\"><span class=\"gb-icon\"><svg xmlns=\"http:\/\/www.w3.org\/2000\/svg\" height=\"15\" width=\"15\" fill=\"none\" viewbox=\"0 0 15 15\"><path fill=\"currentColor\" d=\"M4 1.5V4H1.5A1.5 1.5 0 000 5.5v8A1.5 1.5 0 001.5 15h8a1.5 1.5 0 001.5-1.5V11h2.5A1.5 1.5 0 0015 9.5v-8A1.5 1.5 0 0013.5 0h-8A1.5 1.5 0 004 1.5zM5.5 1a.5.5 0 00-.5.5V4h4.5A1.5 1.5 0 0111 5.5V10h2.5a.5.5 0 00.5-.5v-8a.5.5 0 00-.5-.5h-8zm0 10A1.5 1.5 0 014 9.5V5H1.5a.5.5 0 00-.5.5v8a.5.5 0 00.5.5h8a.5.5 0 00.5-.5V11H5.5z\" clip-rule=\"evenodd\" fill-rule=\"evenodd\"><\/path><\/svg><\/span><\/span>\n\n<\/div>\n\n\n<h3 class=\"gb-headline gb-headline-f8d314cb gb-headline-text\"><strong>Softwarov&eacute; &#345;e&scaron;en&iacute;<\/strong><\/h3>\n\n\n\n<p>R00002: Va&scaron;e dostupn&eacute; a snadn&eacute; obchodn&iacute; &#345;e&scaron;en&iacute;<br><br>R00002 je &uacute;&#269;elov&#283; navr&#382;en tak, aby vyhovoval obchodn&iacute;k&#367;m v&scaron;ech &uacute;rovn&iacute; dovednost&iacute; a nab&iacute;z&iacute; u&#382;ivatelsky p&#345;&iacute;v&#283;tivou a intuitivn&iacute; platformu pro bezprobl&eacute;mov&eacute; obchodov&aacute;n&iacute; Bitcoin a kryptom&#283;nami. Na&scaron;&iacute;m c&iacute;lem je zajistit, aby se obchodov&aacute;n&iacute; stalo pro ka&#382;d&eacute;ho u&#382;ivatele pohodln&yacute;m a efektivn&iacute;m po&#269;inem.<br><br>S R00002 se m&#367;&#382;ete zapojit do vzru&scaron;uj&iacute;c&iacute;ho sv&#283;ta obchodov&aacute;n&iacute; s kryptom&#283;nami, ani&#382; byste museli v&#283;novat rozs&aacute;hl&yacute; &#269;as a &uacute;sil&iacute; studiu slo&#382;itosti trhu nebo anal&yacute;ze komplexn&iacute;ch tr&#382;n&iacute;ch informac&iacute; a trend&#367;. Pry&#269; jsou dny, kdy jste se c&iacute;tili ohromeni n&aacute;ro&#269;n&yacute;m &uacute;kolem nau&#269;it se obchodovat a usilovat o potenci&aacute;ln&iacute; zisky. R00002 v&aacute;m poskytuje &#345;e&scaron;en&iacute;, jak za&#269;&iacute;t obchodovat bez n&aacute;mahy, dokonce i bez p&#345;edchoz&iacute;ch znalost&iacute; nebo zku&scaron;enost&iacute;, co&#382; minimalizuje po&#382;adovan&yacute; &#269;as a &uacute;sil&iacute;.<br><br>Za&#382;ijte snadnost a dostupnost R00002, kdy&#382; v&aacute;m umo&#382;n&iacute;me vydat se na va&scaron;i obchodn&iacute; cestu s jistotou a jednoduchost&iacute;.<\/p>\n\n<\/div><\/div>\n\n<div class=\"gb-grid-column gb-grid-column-6922dcd9\"><div class=\"gb-container gb-container-6922dcd9\">\n<div class=\"gb-container gb-container-b5c2993b\">\n\n<span class=\"gb-button gb-button-05b34aef\"><span class=\"gb-icon\"><svg xmlns=\"http:\/\/www.w3.org\/2000\/svg\" height=\"15\" width=\"15\" fill=\"none\" viewbox=\"0 0 15 15\"><path fill=\"currentColor\" d=\"M4 4V1.5A1.5 1.5 0 015.5 0h8A1.5 1.5 0 0115 1.5v8a1.5 1.5 0 01-1.5 1.5H11v2.5A1.5 1.5 0 019.5 15h-8A1.5 1.5 0 010 13.5v-8A1.5 1.5 0 011.5 4H4zm6 1v5H5V5h5z\" clip-rule=\"evenodd\" fill-rule=\"evenodd\"><\/path><\/svg><\/span><\/span>\n\n<\/div>\n\n\n<h3 class=\"gb-headline gb-headline-13950594 gb-headline-text\"><strong>R00002 Trader Review<\/strong><\/h3>\n\n\n\n<p>R00002: D&#367;v&#283;ryhodn&yacute; obchodn&iacute; n&aacute;stroj s bezkonkuren&#269;n&iacute; p&#345;esnost&iacute;<br><br>R00002 je spolehliv&yacute;m a efektivn&iacute;m obchodn&iacute;m n&aacute;strojem, kter&yacute; nab&iacute;z&iacute; manu&aacute;ln&iacute; i pln&#283; automatizovan&eacute; mo&#382;nosti pro prov&aacute;d&#283;n&iacute; p&#345;esn&yacute;ch obchod&#367; s kryptom&#283;nami va&scaron;&iacute;m jm&eacute;nem. N&aacute;&scaron; software je postaven na pokro&#269;il&yacute;ch algoritmech, kter&eacute; pe&#269;liv&#283; analyzuj&iacute; tr&#382;n&iacute; data a zaji&scaron;&#357;uj&iacute; prov&aacute;d&#283;n&iacute; obchod&#367; s vynikaj&iacute;c&iacute; p&#345;esnost&iacute; 99,4 %. To, co odli&scaron;uje R00003, je jeho pozoruhodn&aacute; 0,01 sekundov&aacute; v&yacute;hoda oproti jin&yacute;m softwarov&yacute;m &#345;e&scaron;en&iacute;m, d&iacute;ky &#269;emu&#382; je preferovanou volbou mezi obchodn&iacute;ky.<br><br>V&yacute;jime&#269;n&yacute; v&yacute;kon R00003 z&iacute;skal uzn&aacute;n&iacute; od v&aacute;&#382;en&eacute; americk&eacute; obchodn&iacute; asociace a zajistil si pozici p&#345;edn&iacute;ho obchodn&iacute;ho softwaru ve sv&eacute; kategorii. Jeho bezprobl&eacute;mov&eacute; fungov&aacute;n&iacute; bez nutnosti stahov&aacute;n&iacute; nav&iacute;c z&iacute;skalo souhlas antivirov&yacute;ch spole&#269;nost&iacute;, co&#382; d&aacute;le posiluje jeho d&#367;v&#283;ryhodnost a d&#367;v&#283;ru u&#382;ivatel&#367;.<br><br>Za&#382;ijte s&iacute;lu R00003 a odemkn&#283;te sv&#283;t p&#345;esn&eacute;ho a efektivn&iacute;ho obchodov&aacute;n&iacute; s kryptom&#283;nami, kter&eacute; se nepodobaj&iacute; &#382;&aacute;dn&eacute;mu jin&eacute;mu.<\/p>\n\n<\/div><\/div>\n\n<div class=\"gb-grid-column gb-grid-column-58d3b69b\"><div class=\"gb-container gb-container-58d3b69b\">\n<div class=\"gb-container gb-container-7f21e89f\">\n\n<span class=\"gb-button gb-button-df17151f\"><span class=\"gb-icon\"><svg xmlns=\"http:\/\/www.w3.org\/2000\/svg\" height=\"15\" width=\"15\" fill=\"none\" viewbox=\"0 0 15 15\"><path fill=\"currentColor\" d=\"M4 4H1.5A1.5 1.5 0 000 5.5v8A1.5 1.5 0 001.5 15h8a1.5 1.5 0 001.5-1.5V11h2.5A1.5 1.5 0 0015 9.5v-8A1.5 1.5 0 0013.5 0h-8A1.5 1.5 0 004 1.5V4zm1-2.5a.5.5 0 01.5-.5h8a.5.5 0 01.5.5v8a.5.5 0 01-.5.5h-8a.5.5 0 01-.5-.5v-8z\" clip-rule=\"evenodd\" fill-rule=\"evenodd\"><\/path><\/svg><\/span><\/span>\n\n<\/div>\n\n\n<h3 class=\"gb-headline gb-headline-7625b1b1 gb-headline-text\"><strong>Dra&#269;&iacute; doup&#283;<\/strong><\/h3>\n\n\n\n<p>R00003: Legitimn&iacute; obchodn&iacute; software nespojen&yacute; s Dragons Den Scam<br><br>R00003 chce objasnit jak&eacute;koli myln&eacute; p&#345;edstavy a ujistit v&aacute;s, &#382;e n&aacute;&scaron; software nen&iacute; v &#382;&aacute;dn&eacute;m p&#345;&iacute;pad&#283; spojen s nechvaln&#283; zn&aacute;m&yacute;m podvodem Dragons Den Scam nebo podvodn&yacute;m sch&eacute;matem Bitcoin mezery. Dragons Den, &#269;asto pou&#382;&iacute;van&yacute; jako z&aacute;st&#283;rka pro podvodn&eacute; praktiky, se pokou&scaron;&iacute; oklamat nic netu&scaron;&iacute;c&iacute; jednotlivce a p&#345;im&#283;t je k investici do podvodu, kter&yacute; je maskov&aacute;n jako inovativn&iacute; software pro za&#269;&iacute;naj&iacute;c&iacute; podniky. Je d&#367;le&#382;it&eacute; poznamenat, &#382;e Dragons Den nikdy nep&#345;edstavoval origin&aacute;ln&iacute; software R00003 a nikdy nebyl podporov&aacute;n show ani jej&iacute;m obsazen&iacute;m.<br><br>Ch&aacute;peme d&#367;le&#382;itost d&#367;v&#283;ry a transparentnosti v odv&#283;tv&iacute; obchodov&aacute;n&iacute; s kryptom&#283;nami. R00003 je legitimn&iacute; a uzn&aacute;van&yacute; obchodn&iacute; software, kter&yacute; funguje nez&aacute;visle na jak&yacute;chkoli podvodn&yacute;ch aktivit&aacute;ch. D&#367;razn&#283; doporu&#269;ujeme, abyste byli obez&#345;etn&iacute; a vyh&yacute;bali se reklam&aacute;m nebo publikac&iacute;m, kter&eacute; uv&aacute;d&#283;j&iacute; nepodlo&#382;en&aacute; tvrzen&iacute; spojuj&iacute;c&iacute; n&aacute;&scaron; software s pochybn&yacute;mi praktikami.<br><br>Uji&scaron;&#357;ujeme v&aacute;s, &#382;e R00003 je odhodl&aacute;na poskytovat d&#367;v&#283;ryhodnou a bezpe&#269;nou obchodn&iacute; platformu pro va&scaron;e &uacute;sil&iacute; v oblasti kryptom&#283;n.<\/p>\n\n<\/div><\/div>\n<\/div>\n<\/div>\n<\/div><div class=\"gb-container gb-container-39bfdacb\">\n<div class=\"gb-container gb-container-45f3ab74\">\n\n<h3 class=\"gb-headline gb-headline-e982b89b gb-headline-text\">Zaregistrujte se bezpe&#269;n&#283; na R00001<\/h3>\n\n\n\n<a class=\"gb-button gb-button-a3e3ab09\" href=\"https:\/\/immediateevex.com\/cs\/\"><span class=\"gb-button-text\">Zaregistrujte se bezpe&#269;n&#283;<\/span><span class=\"gb-icon\"><svg xmlns=\"http:\/\/www.w3.org\/2000\/svg\" aria-hidden=\"true\" role=\"img\" height=\"1em\" width=\"1em\" viewbox=\"0 0 256 512\"><path fill=\"currentColor\" d=\"M224.3 273l-136 136c-9.4 9.4-24.6 9.4-33.9 0l-22.6-22.6c-9.4-9.4-9.4-24.6 0-33.9l96.4-96.4-96.4-96.4c-9.4-9.4-9.4-24.6 0-33.9L54.3 103c9.4-9.4 24.6-9.4 33.9 0l136 136c9.5 9.4 9.5 24.6.1 34z\"><\/path><\/svg><\/span><\/a>\n\n<\/div>\n<\/div>\n","protected":false},"excerpt":{"rendered":"<p>R00001 &ndash; O n&aacute;s Odemkn&#283;te v&yacute;hody softwaru R00001 R00001 Vynik&aacute; v anal&yacute;ze trhu v re&aacute;ln&eacute;m &#269;ase a rychl&eacute;m proveden&iacute; Jednou z v&yacute;jime&#269;n&yacute;ch vlastnost&iacute; R00001 je jeho bezkonkuren&#269;n&iacute; schopnost nep&#345;etr&#382;it&#283; shroma&#382;&#271;ovat a efektivn&#283; analyzovat tr&#382;n&iacute; data v re&aacute;ln&eacute;m &#269;ase. D&iacute;ky tomu m&#367;&#382;e n&aacute;&scaron; software prov&aacute;d&#283;t obchodn&iacute; p&#345;&iacute;kazy bezkonkuren&#269;n&iacute; rychlost&iacute;, kter&aacute; p&#345;ed&#269;&iacute; jak lidsk&eacute; obchodn&iacute;ky, tak jin&aacute; &#8230; <a title=\"O n\u00e1s\" class=\"read-more\" href=\"https:\/\/immediateevex.com\/cs\/o-nas\/\" aria-label=\"\u010c\u00edst v\u00edce o O n\u00e1s\">Read more<\/a><\/p>\n","protected":false},"author":1,"featured_media":0,"parent":0,"menu_order":0,"comment_status":"closed","ping_status":"closed","template":"","meta":{"footnotes":""},"class_list":["post-4671","page","type-page","status-publish"],"_links":{"self":[{"href":"https:\/\/immediateevex.com\/cs\/wp-json\/wp\/v2\/pages\/4671","targetHints":{"allow":["GET"]}}],"collection":[{"href":"https:\/\/immediateevex.com\/cs\/wp-json\/wp\/v2\/pages"}],"about":[{"href":"https:\/\/immediateevex.com\/cs\/wp-json\/wp\/v2\/types\/page"}],"author":[{"embeddable":true,"href":"https:\/\/immediateevex.com\/cs\/wp-json\/wp\/v2\/users\/1"}],"replies":[{"embeddable":true,"href":"https:\/\/immediateevex.com\/cs\/wp-json\/wp\/v2\/comments?post=4671"}],"version-history":[{"count":3,"href":"https:\/\/immediateevex.com\/cs\/wp-json\/wp\/v2\/pages\/4671\/revisions"}],"predecessor-version":[{"id":13364,"href":"https:\/\/immediateevex.com\/cs\/wp-json\/wp\/v2\/pages\/4671\/revisions\/13364"}],"wp:attachment":[{"href":"https:\/\/immediateevex.com\/cs\/wp-json\/wp\/v2\/media?parent=4671"}],"curies":[{"name":"wp","href":"https:\/\/api.w.org\/{rel}","templated":true}]}}