{"id":4500,"date":"2023-07-20T11:44:03","date_gmt":"2023-07-20T11:44:03","guid":{"rendered":"https:\/\/immediateevex.com\/tietosuojakaytanto\/"},"modified":"2024-05-31T08:45:51","modified_gmt":"2024-05-31T08:45:51","slug":"tietosuojakaytanto","status":"publish","type":"page","link":"https:\/\/immediateevex.com\/fi\/tietosuojakaytanto\/","title":{"rendered":"Tietosuojak\u00e4yt\u00e4nt\u00f6"},"content":{"rendered":"<?xml encoding=\"UTF-8\"><div class=\"gb-container gb-container-f493ca47\">\n<div class=\"gb-container gb-container-74097ace\">\n\n<h1 class=\"gb-headline gb-headline-d325e19c gb-headline-text\"><strong>Tietosuojak&auml;yt&auml;nt&ouml;<\/strong><\/h1>\n\n<\/div>\n<\/div><div class=\"gb-container gb-container-1f40b461\">\n<div class=\"gb-container gb-container-cd0a0029\">\n\n<h2 class=\"wp-block-heading\">Keit&auml; olemme<\/h2>\n\n\n\n<p>Verkkosivustomme osoite on: https:\/\/immediateevex.com\/.<\/p>\n\n\n\n<h2 class=\"wp-block-heading\">Kommentit<\/h2>\n\n\n\n<p>Kun vierailijat j&auml;tt&auml;v&auml;t kommentteja sivustolle, ker&auml;&auml;mme kommenttilomakkeessa n&auml;kyv&auml;t tiedot sek&auml; vierailijan IP-osoitteen ja selaimen k&auml;ytt&auml;j&auml;agenttijonon roskapostin tunnistamisen helpottamiseksi.<\/p>\n\n\n\n<p>S&auml;hk&ouml;postiosoitteestasi luotu anonymisoitu merkkijono (kutsutaan my&ouml;s hashiksi) voidaan toimittaa Gravatar-palveluun, jotta n&auml;et, k&auml;yt&auml;tk&ouml; sit&auml;. Gravatar-palvelun tietosuojak&auml;yt&auml;nt&ouml; on saatavilla t&auml;&auml;lt&auml;: https:\/\/automattic.com\/privacy\/. Kun kommenttisi on hyv&auml;ksytty, profiilikuvasi n&auml;kyy julkisesti kommenttisi yhteydess&auml;.<\/p>\n\n\n\n<h2 class=\"wp-block-heading\">Media<\/h2>\n\n\n\n<p>Jos lataat kuvia verkkosivustolle, sinun tulee v&auml;ltt&auml;&auml; sellaisten kuvien lataamista, joissa on upotettu sijaintitieto (EXIF GPS). Sivuston vierailijat voivat ladata ja poimia mit&auml; tahansa sijaintitietoja verkkosivustolla olevista kuvista.<\/p>\n\n\n\n<h2 class=\"wp-block-heading\">Keksit<\/h2>\n\n\n\n<p>Jos j&auml;t&auml;t kommentin sivuillemme, voit halutessasi tallentaa nimesi, s&auml;hk&ouml;postiosoitteesi ja verkkosivustosi ev&auml;steisiin. N&auml;m&auml; ovat avuksesi, jotta sinun ei tarvitse t&auml;ytt&auml;&auml; tietojasi uudelleen, kun j&auml;t&auml;t toisen kommentin. N&auml;m&auml; ev&auml;steet kest&auml;v&auml;t yhden vuoden.<\/p>\n\n\n\n<p>Jos vierailet kirjautumissivullamme, asetamme v&auml;liaikaisen ev&auml;steen m&auml;&auml;ritt&auml;&auml;ksemme, hyv&auml;ksyyk&ouml; selaimesi ev&auml;steet. T&auml;m&auml; ev&auml;ste ei sis&auml;ll&auml; henkil&ouml;tietoja ja se hyl&auml;t&auml;&auml;n, kun suljet selaimesi.<\/p>\n\n\n\n<p>Kun kirjaudut sis&auml;&auml;n, asetamme my&ouml;s useita ev&auml;steit&auml; tallentaaksemme kirjautumistietosi ja n&auml;ytt&ouml;valintasi. Kirjautumisev&auml;steet kest&auml;v&auml;t kaksi p&auml;iv&auml;&auml; ja n&auml;ytt&ouml;asetusev&auml;steet vuoden. Jos valitset &rdquo;Muista minut&rdquo;, kirjautumisesi s&auml;ilyy kaksi viikkoa. Jos kirjaudut ulos tililt&auml;si, kirjautumisev&auml;steet poistetaan.<\/p>\n\n\n\n<p>Jos muokkaat tai julkaiset artikkelin, selaimeesi tallennetaan lis&auml;ev&auml;ste. T&auml;m&auml; ev&auml;ste ei sis&auml;ll&auml; henkil&ouml;tietoja, ja se osoittaa yksinkertaisesti juuri muokkaamasi artikkelin viestitunnuksen. Se vanhenee 1 p&auml;iv&auml;n kuluttua.<\/p>\n\n\n\n<h2 class=\"wp-block-heading\">Upotettu sis&auml;lt&ouml; muilta verkkosivustoilta<\/h2>\n\n\n\n<p>T&auml;m&auml;n sivuston artikkelit voivat sis&auml;lt&auml;&auml; upotettua sis&auml;lt&ouml;&auml; (esim. videoita, kuvia, artikkeleita jne.). Muiden verkkosivustojen upotettu sis&auml;lt&ouml; k&auml;ytt&auml;ytyy t&auml;sm&auml;lleen samalla tavalla kuin jos vierailija olisi k&auml;ynyt toisella verkkosivustolla.<\/p>\n\n\n\n<p>N&auml;m&auml; verkkosivustot voivat ker&auml;t&auml; tietoja sinusta, k&auml;ytt&auml;&auml; ev&auml;steit&auml;, upottaa ylim&auml;&auml;r&auml;ist&auml; kolmannen osapuolen seurantaa ja seurata vuorovaikutustasi upotetun sis&auml;ll&ouml;n kanssa, mukaan lukien vuorovaikutustasi upotetun sis&auml;ll&ouml;n kanssa, jos sinulla on tili ja olet kirjautunut kyseiselle verkkosivustolle.<\/p>\n\n\n\n<h2 class=\"wp-block-heading\">Kenen kanssa jaamme tietosi<\/h2>\n\n\n\n<p>Jos pyyd&auml;t salasanan vaihtoa, IP-osoitteesi sis&auml;llytet&auml;&auml;n palautusviestiin.<\/p>\n\n\n\n<h2 class=\"wp-block-heading\">Kuinka kauan s&auml;ilyt&auml;mme tietojasi<\/h2>\n\n\n\n<p>Jos j&auml;t&auml;t kommentin, kommentti ja sen metatiedot s&auml;ilytet&auml;&auml;n toistaiseksi. N&auml;in voimme tunnistaa ja hyv&auml;ksy&auml; kaikki jatkokommentit automaattisesti sen sijaan, ett&auml; olisimme pit&auml;neet niit&auml; valvontajonossa.<\/p>\n\n\n\n<p>K&auml;ytt&auml;jille, jotka rekister&ouml;ityv&auml;t verkkosivustollemme (jos sellaisia &#8203;&#8203;on), tallennamme my&ouml;s heid&auml;n k&auml;ytt&auml;j&auml;profiileihinsa antamansa henkil&ouml;tiedot. Kaikki k&auml;ytt&auml;j&auml;t voivat n&auml;hd&auml;, muokata tai poistaa henkil&ouml;kohtaisia &#8203;&#8203;tietojaan milloin tahansa (paitsi he eiv&auml;t voi muuttaa k&auml;ytt&auml;j&auml;tunnustaan). Verkkosivustojen yll&auml;pit&auml;j&auml;t voivat my&ouml;s n&auml;hd&auml; ja muokata n&auml;it&auml; tietoja.<\/p>\n\n\n\n<h2 class=\"wp-block-heading\">Mit&auml; oikeuksia sinulla on tietoihisi<\/h2>\n\n\n\n<p>Jos sinulla on tili t&auml;ll&auml; sivustolla tai olet j&auml;tt&auml;nyt kommentteja, voit pyyt&auml;&auml; viedyn tiedoston hallussamme olevista henkil&ouml;tiedoistasi, mukaan lukien kaikki tiedot, jotka olet antanut meille. Voit my&ouml;s pyyt&auml;&auml;, ett&auml; poistamme kaikki hallussamme olevat henkil&ouml;tiedot. T&auml;m&auml; ei sis&auml;ll&auml; tietoja, jotka meid&auml;n on s&auml;ilytett&auml;v&auml; hallinnollisia, oikeudellisia tai turvallisuustarkoituksia varten.<\/p>\n\n\n\n<h2 class=\"wp-block-heading\">Minne tietosi l&auml;hetet&auml;&auml;n<\/h2>\n\n\n\n<p>Vierailijoiden kommentit voidaan tarkistaa automaattisen roskapostin tunnistuspalvelun kautta.<\/p>\n\n<\/div>\n<\/div>\n","protected":false},"excerpt":{"rendered":"<p>Tietosuojak&auml;yt&auml;nt&ouml; Keit&auml; olemme Verkkosivustomme osoite on: https:\/\/immediateevex.com\/. Kommentit Kun vierailijat j&auml;tt&auml;v&auml;t kommentteja sivustolle, ker&auml;&auml;mme kommenttilomakkeessa n&auml;kyv&auml;t tiedot sek&auml; vierailijan IP-osoitteen ja selaimen k&auml;ytt&auml;j&auml;agenttijonon roskapostin tunnistamisen helpottamiseksi. S&auml;hk&ouml;postiosoitteestasi luotu anonymisoitu merkkijono (kutsutaan my&ouml;s hashiksi) voidaan toimittaa Gravatar-palveluun, jotta n&auml;et, k&auml;yt&auml;tk&ouml; sit&auml;. Gravatar-palvelun tietosuojak&auml;yt&auml;nt&ouml; on saatavilla t&auml;&auml;lt&auml;: https:\/\/automattic.com\/privacy\/. Kun kommenttisi on hyv&auml;ksytty, profiilikuvasi n&auml;kyy julkisesti kommenttisi yhteydess&auml;. &#8230; <a title=\"Tietosuojak\u00e4yt\u00e4nt\u00f6\" class=\"read-more\" href=\"https:\/\/immediateevex.com\/fi\/tietosuojakaytanto\/\" aria-label=\"Lue lis\u00e4\u00e4 aiheesta Tietosuojak\u00e4yt\u00e4nt\u00f6\">Lue lis\u00e4\u00e4<\/a><\/p>\n","protected":false},"author":1,"featured_media":0,"parent":0,"menu_order":0,"comment_status":"closed","ping_status":"closed","template":"","meta":{"footnotes":""},"class_list":["post-4500","page","type-page","status-publish"],"_links":{"self":[{"href":"https:\/\/immediateevex.com\/fi\/wp-json\/wp\/v2\/pages\/4500","targetHints":{"allow":["GET"]}}],"collection":[{"href":"https:\/\/immediateevex.com\/fi\/wp-json\/wp\/v2\/pages"}],"about":[{"href":"https:\/\/immediateevex.com\/fi\/wp-json\/wp\/v2\/types\/page"}],"author":[{"embeddable":true,"href":"https:\/\/immediateevex.com\/fi\/wp-json\/wp\/v2\/users\/1"}],"replies":[{"embeddable":true,"href":"https:\/\/immediateevex.com\/fi\/wp-json\/wp\/v2\/comments?post=4500"}],"version-history":[{"count":0,"href":"https:\/\/immediateevex.com\/fi\/wp-json\/wp\/v2\/pages\/4500\/revisions"}],"wp:attachment":[{"href":"https:\/\/immediateevex.com\/fi\/wp-json\/wp\/v2\/media?parent=4500"}],"curies":[{"name":"wp","href":"https:\/\/api.w.org\/{rel}","templated":true}]}}