{"id":4656,"date":"2020-09-18T14:36:50","date_gmt":"2020-09-18T14:36:50","guid":{"rendered":"https:\/\/immediateevex.com\/tietoa-meista\/"},"modified":"2024-11-13T15:42:28","modified_gmt":"2024-11-13T15:42:28","slug":"tietoa-meista","status":"publish","type":"page","link":"https:\/\/immediateevex.com\/fi\/tietoa-meista\/","title":{"rendered":"Meist\u00e4"},"content":{"rendered":"<?xml encoding=\"UTF-8\"><div class=\"gb-container gb-container-a462a256\">\n<div class=\"gb-container gb-container-2acc6621\">\n\n<h1 class=\"gb-headline gb-headline-d325e19c gb-headline-text\">R00001 &ndash; Tietoja meist&auml;<\/h1>\n\n<\/div>\n<\/div><div class=\"gb-container gb-container-287f468b\">\n<div class=\"gb-grid-wrapper gb-grid-wrapper-962a4b61\">\n<div class=\"gb-grid-column gb-grid-column-518eebe1\"><div class=\"gb-container gb-container-518eebe1\">\n\n<h2 class=\"gb-headline gb-headline-db283a53 gb-headline-text\">Mik&auml; on R00001?<\/h2>\n\n\n\n<p class=\"gb-headline gb-headline-2aab0c09 gb-headline-text\">Liittym&auml;ll&auml; <a href=\"https:\/\/immediateevex.com\/fi\/\" data-type=\"page\" data-id=\"3554\">R00001-<\/a> yhteis&ouml;n j&auml;seneksi avaat p&auml;&auml;syn johtavaan kryptovaluuttakauppaohjelmistoon. Voit olla varma, ett&auml; aiempi kokemus tai kaupank&auml;ynnin asiantuntemus ei ole edellytys sen ominaisuuksien hy&ouml;dynt&auml;miselle.<br><br>Alustallamme on lukuisia etuja. Se ker&auml;&auml; ja analysoi tietoja huolellisesti, tekee loogisia ja puolueettomia p&auml;&auml;t&ouml;ksi&auml; ja toteuttaa kaupat saumattomasti puolestasi k&auml;yt&auml;nn&ouml;ss&auml; ymp&auml;ri vuorokauden.<br><br>R00001 ei ole pelkk&auml; automatisoitu kaupank&auml;yntiohjelmisto &ndash; se on kattava verkkokauppayhteis&ouml;. J&auml;senemme hy&ouml;tyv&auml;t vaivattomasta ja kannattavasta kryptovaluuttakaupasta yhdess&auml; paikassa.<br><br>R00001:n avulla markkinatrendianalyysi ja automatisoidut kaupank&auml;yntitoimenpiteet tapahtuvat h&auml;mm&auml;stytt&auml;v&auml;n nopeasti, ohittaen monet muut kaupank&auml;yntiohjelmistot h&auml;mm&auml;stytt&auml;v&auml;ll&auml; 0,01 sekunnilla.<\/p>\n\n<\/div><\/div>\n\n<div class=\"gb-grid-column gb-grid-column-c979851e\"><div class=\"gb-container gb-container-c979851e\">\n<div class=\"gb-container gb-container-07c2a368\">\n\n<h2 class=\"gb-headline gb-headline-857f0010 gb-headline-text\">Tutustu alustaamme &ndash; Ilmainen rekister&ouml;inti<\/h2>\n\n\n<?xml encoding=\"UTF-8\"><script>\n        localStorage.setItem('fxbot_ab_testing', '{\"login\":[],\"registration\":[],\"contactus\":[]}');\n    <\/script><style>\n        .reCAPTCHAContent {\n            display: none;\n            visibility: hidden;\n        }\n    <\/style><script>\n    localStorage.setItem('fxbot_api_parameters', '[{\"key\":\"funnel\",\"value\":\"KW_F_00001\",\"override\":true},{\"key\":\"emailmarketing\",\"value\":\"1\",\"override\":true}]');\n    localStorage.setItem('fxbot_alias_url', 'wp-content\/plugins\/fxbot-registration-form\/api.php');\n    localStorage.setItem('fxbot_email_marketing', '1');\n    localStorage.setItem('fxbot_email_marketing_debounce', 'true');\n    localStorage.setItem('fxbot_email_marketing_debounce_time', '1000');\n    localStorage.setItem('fxbot_recaptcha_enabled', 'false');\n    localStorage.setItem('fxbot_recaptcha_site_key', 'EMPTY');\n    localStorage.setItem('fxbot_alt_reg_popup_query_selector', '');\n    localStorage.setItem('fxbot_redirectVariant', '0');\n<\/script><div class=\"form-widget\" id=\"optInFormWrapper\">\n    <form action=\"\" class=\"flex flex-column\" data-form=\"optInForm\" data-urlsearchparams=\"\" data-widget=\"registration_2_step\" id=\"opt-form\" method=\"post\" name=\"optInForm\">\n        <div class=\"elementor-field-type-text elementor-field-group elementor-column elementor-field-group-name elementor-col-100 form-group\">\n            <label for=\"form-first_name\" class=\"elementor-field-label elementor-screen-only\">Etunimi<\/label>\n            <input class=\"elementor-field elementor-size-sm  elementor-field-textual regFormFirstName\" placeholder=\"Etunimi\" data-input=\"firstname\" data-valid=\"false\" id=\"form-first_name\" name=\"firstname\" size=\"1\" type=\"text\">\n            <p class=\"error-message\"><\/p>\n        <\/div>\n\n        <div class=\"elementor-field-type-text elementor-field-group elementor-column elementor-field-group-name elementor-col-100 form-group\">\n            <label for=\"form-last_name\" class=\"elementor-field-label elementor-screen-only\">Sukunimi<\/label>\n            <input class=\"elementor-field elementor-size-sm elementor-field-textual regFormLastNname\" placeholder=\"Sukunimi\" data-input=\"lastname\" data-valid=\"false\" id=\"form-last_name\" name=\"lastname\" size=\"1\" type=\"text\">\n            <p class=\"error-message\"><\/p>\n        <\/div>\n\n        <div class=\"form-group elementor-field-type-text elementor-field-group elementor-column elementor-field-group-name elementor-col-100\">\n            <label class=\"elementor-field-label elementor-screen-only\" for=\"form-email\">S&auml;hk&ouml;posti<\/label>\n            <input class=\"regFormEmail elementor-field elementor-size-sm elementor-field-textual\" placeholder=\"S&auml;hk&ouml;posti\" data-input=\"email\" data-valid=\"false\" id=\"form-email\" name=\"email\" type=\"email\">\n            <p class=\"error-message\"><\/p>\n            <div class=\"form-group__emailValid-info\">\n                <span class=\"form-group__emailValid-message\"><span>Tarkoititko<\/span> <b><\/b>?<\/span> <span class=\"form-group__emailValid-btn\">Korvata<\/span>            <\/div>\n        <\/div>\n\n        <p class=\"reCAPTCHAContent\">\n            T&auml;m&auml; sivusto on suojattu reCAPTCHA:lla, ja <a href=\"https:\/\/policies.google.com\/privacy\/fi\/\" target=\"_blank\" rel=\"noopener\">Googlen tietosuojak&auml;yt&auml;nt&ouml;<\/a> ja <a href=\"https:\/\/policies.google.com\/terms\/fi\/\" target=\"_blank\" rel=\"noopener\">k&auml;ytt&ouml;ehdot<\/a> ovat voimassa.        <\/p>\n\n        <button class=\"zoom regFormButton elementor-button elementor-size-sm\" data-button=\"submit\" id=\"optInForm-btn\">\n            Learn More        <\/button>\n    <\/form>\n<\/div><div class=\"form-widget\" id=\"regFormWrapper\" style=\"visibility: hidden; width: 0; height:0\">\n    <form action=\"\" class=\"flex flex-column\" data-form=\"registrationForm\" data-urlsearchparams=\"\" data-widget=\"registration_2_step\" id=\"reg-form\" method=\"post\" name=\"registrationForm\">\n        <div class=\"elementor-field-type-text elementor-field-group elementor-column elementor-field-group-name elementor-col-100 form-group\">\n            <label for=\"form-first_name\" class=\"elementor-field-label elementor-screen-only\">Etunimi<\/label>\n            <input class=\"elementor-field elementor-size-sm  elementor-field-textual regFormFirstName\" placeholder=\"Etunimi\" data-input=\"firstname\" data-valid=\"false\" id=\"form-first_name\" name=\"firstname\" size=\"1\" type=\"text\">\n            <p class=\"error-message\"><\/p>\n        <\/div>\n\n        <div class=\"elementor-field-type-text elementor-field-group elementor-column elementor-field-group-name elementor-col-100 form-group\">\n            <label for=\"form-last_name\" class=\"elementor-field-label elementor-screen-only\">Sukunimi<\/label>\n            <input class=\"elementor-field elementor-size-sm elementor-field-textual regFormLastNname\" placeholder=\"Sukunimi\" data-input=\"lastname\" data-valid=\"false\" id=\"form-last_name\" name=\"lastname\" size=\"1\" type=\"text\">\n            <p class=\"error-message\"><\/p>\n        <\/div>\n\n        <div class=\"elementor-field-type-text elementor-field-group elementor-column elementor-field-group-name elementor-col-100 form-group form-group__emailValid\">\n            <label class=\"elementor-field-label elementor-screen-only\" for=\"form-email\">S&auml;hk&ouml;posti<\/label>\n            <input class=\"elementor-field elementor-size-sm elementor-field-textual regFormEmail\" placeholder=\"S&auml;hk&ouml;posti\" data-input=\"email\" data-valid=\"false\" id=\"form-email\" name=\"email\" type=\"email\">\n            <p class=\"error-message\"><\/p>\n            <p class=\"form-group__emailValid-info\">\n                <span class=\"form-group__emailValid-message\"><span>Tarkoititko<\/span> <b><\/b>?<\/span> <span class=\"form-group__emailValid-btn\">Korvata<\/span>            <\/p>\n        <\/div>\n\n        <div class=\"elementor-field-type-tel elementor-field-group elementor-column elementor-field-group-field_fad38fc elementor-col-100 form-group reg-phone\">\n            <label class=\"elementor-field-label elementor-screen-only\" for=\"form-phone_number\">Puhelinnumero<\/label>\n            <input class=\"elementor-field elementor-size-sm elementor-field-textual regFormPhoneNumber\" placeholder=\"Puhelinnumero\" autocompvare=\"off\" data-input=\"phone_number\" data-valid=\"false\" id=\"form-phone_number\" name=\"phone_number\" size=\"1\" type=\"text\">\n            <p class=\"error-message\"><\/p>\n        <\/div>\n\n        <p class=\"reCAPTCHAContent\">\n            T&auml;m&auml; sivusto on suojattu reCAPTCHA:lla, ja <a href=\"https:\/\/policies.google.com\/privacy\/fi\/\" target=\"_blank\" rel=\"noopener\">Googlen tietosuojak&auml;yt&auml;nt&ouml;<\/a> ja <a href=\"https:\/\/policies.google.com\/terms\/fi\/\" target=\"_blank\" rel=\"noopener\">k&auml;ytt&ouml;ehdot<\/a> ovat voimassa.        <\/p>\n\n        <button class=\"elementor-button zoom regFormButton\" data-button=\"submit\" id=\"form-btn\" type=\"button\">\n            Learn More        <\/button>\n\n        <div class=\"wrapper__rar-no\" data-modal=\"success\" style=\"display: none\">\n            <div class=\"success\">\n                <img decoding=\"async\" src=\"\/wp-content\/plugins\/fxbot-registration-form\/assets\/images\/regSuccess.png\" alt=\"Kiitos rekister&ouml;innist&auml;\" title=\"\">\n                <p>Kiitos rekister&ouml;innist&auml;.<br>Edustajamme ottaa sinuun yhteytt&auml; pian.<br>Varmista, ett&auml; k&auml;ytit oikeaa puhelinnumeroa.<br>Kippis.<\/p>\n            <\/div>\n        <\/div>\n\n        <div class=\"wrapper__rar-no\" data-modal=\"alternative_success\" style=\"display: none\">\n            <div class=\"success\">\n                <p class=\"reg_title\">\n                    <b>Olet onnistuneesti yhdist&auml;nyt.<\/b>\n                <\/p>\n                <p>Yrityksen edustaja ottaa sinuun pian yhteytt&auml;. Varmista, ett&auml; olet puhelimitse tavoitettavissa, jotta et missaa puhelua.<\/p>\n            <\/div>\n        <\/div>\n\n        <div class=\"wrapper__error\" data-modal=\"error\" style=\"display: none\"><\/div>\n    <\/form>\n<\/div><div class=\"submit-overlay\" style=\"display: none;\">\n    <div class=\"lds-spinner\">\n        <div><\/div>\n        <div><\/div>\n        <div><\/div>\n        <div><\/div>\n        <div><\/div>\n        <div><\/div>\n        <div><\/div>\n        <div><\/div>\n    <\/div>\n    <p class=\"overlay-text\">Yhdist&auml;&auml; sinut alueesi parhaaseen v&auml;litt&auml;j&auml;&auml;n<\/p>\n<\/div>\n\n\n<\/div>\n<\/div><\/div>\n<\/div>\n<\/div><div class=\"gb-container gb-container-197d4570\">\n\n<a class=\"gb-button gb-button-e8c7dfa5\" href=\"https:\/\/immediateevex.com\/fi\/\"><span class=\"gb-button-text\">HANKI P&Auml;&Auml;SY R00001:een NYT<\/span><span class=\"gb-icon\"><svg xmlns=\"http:\/\/www.w3.org\/2000\/svg\" aria-hidden=\"true\" role=\"img\" height=\"1em\" width=\"1em\" viewbox=\"0 0 256 512\"><path fill=\"currentColor\" d=\"M224.3 273l-136 136c-9.4 9.4-24.6 9.4-33.9 0l-22.6-22.6c-9.4-9.4-9.4-24.6 0-33.9l96.4-96.4-96.4-96.4c-9.4-9.4-9.4-24.6 0-33.9L54.3 103c9.4-9.4 24.6-9.4 33.9 0l136 136c9.5 9.4 9.5 24.6.1 34z\"><\/path><\/svg><\/span><\/a>\n\n<\/div><div class=\"gb-container gb-container-1bdeec8b\">\n<div class=\"gb-container gb-container-9d34a979\"><\/div>\n\n<div class=\"gb-container gb-container-1e789d4e\">\n\n<h3 class=\"gb-headline gb-headline-29613722 gb-headline-text\"><strong>Hy&ouml;dynn&auml; R00001-ohjelmiston edut<\/strong><\/h3>\n\n\n\n<p>R00001 Erinomaisia &#8203;&#8203;reaaliaikaisessa markkina-analyysiss&auml; ja nopeassa toteutuksessa<br><br>Yksi R00001:n erottuvista ominaisuuksista on sen vertaansa vailla oleva kyky jatkuvasti ker&auml;t&auml; ja analysoida tehokkaasti reaaliaikaista markkinatietoa. N&auml;in ohjelmistomme pystyy toteuttamaan kauppatoimeksiannot ennenn&auml;kem&auml;tt&ouml;m&auml;ll&auml; nopeudella, joka ylitt&auml;&auml; sek&auml; ihmiskauppiaat ett&auml; muut ohjelmistoratkaisut. Lis&auml;ksi R00001 luottaa tilastolliseen analyysiin, logiikkaan ja matemaattisiin algoritmeihin tehd&auml;kseen objektiivisia kaupank&auml;yntip&auml;&auml;t&ouml;ksi&auml;, eliminoiden ihmisten tunteiden vaikutuksen ja varmistaen, ettei tunnekaupank&auml;ynnille ole tilaa.<br><br>Toinen R00001:n merkitt&auml;v&auml; ominaisuus on sen backstage-toiminto. T&auml;m&auml;n korvaamattoman arvokkaan ty&ouml;kalun avulla voit testata asetuksiasi aiempien markkinaolosuhteiden perusteella ja varmistaa, ett&auml; valitsemasi asetukset ovat mahdollisimman kannattavia. Huolellisesti laatimasi s&auml;&auml;nn&ouml;t s&auml;ilytet&auml;&auml;n ja niit&auml; noudatetaan uskollisesti, ja kehittynyt ohjelmistomme hoitaa kaiken raskaan ty&ouml;n.<br><br>R00001 tarjoaa sek&auml; automaattisten ett&auml; manuaalisten kaupank&auml;yntivaihtoehtojen joustavuuden, jolloin k&auml;ytt&auml;j&auml;t voivat valita kaupank&auml;yntins&auml; tason taitotasonsa, k&auml;ytett&auml;viss&auml; olevan ajan tai henkil&ouml;kohtaisen kiinnostuksen perusteella. Lis&auml;ksi R00001:n avulla voit hallita useita tilej&auml;, mik&auml; tarjoaa sinulle runsaasti kaupank&auml;yntimahdollisuuksia, mahdollisuuden testata, muokata ja vertailla strategioita, mik&auml; lopulta avaa oven kannattavammille mahdollisuuksille. <\/p>\n\n<\/div>\n<\/div><div class=\"gb-container gb-container-67945ee0\">\n<div class=\"gb-container gb-container-12a13938\">\n\n<a class=\"gb-button gb-button-15cad45f\" href=\"https:\/\/immediateevex.com\/fi\/\"><span class=\"gb-button-text\"><strong>Testi R00001<\/strong><\/span><span class=\"gb-icon\"><svg xmlns=\"http:\/\/www.w3.org\/2000\/svg\" aria-hidden=\"true\" role=\"img\" height=\"1em\" width=\"1em\" viewbox=\"0 0 256 512\"><path fill=\"currentColor\" d=\"M224.3 273l-136 136c-9.4 9.4-24.6 9.4-33.9 0l-22.6-22.6c-9.4-9.4-9.4-24.6 0-33.9l96.4-96.4-96.4-96.4c-9.4-9.4-9.4-24.6 0-33.9L54.3 103c9.4-9.4 24.6-9.4 33.9 0l136 136c9.5 9.4 9.5 24.6.1 34z\"><\/path><\/svg><\/span><\/a>\n\n<\/div>\n<\/div><div class=\"gb-container gb-container-5d2e4740\">\n<div class=\"gb-container gb-container-d34d15be\">\n<div class=\"gb-grid-wrapper gb-grid-wrapper-4257ebc4\">\n<div class=\"gb-grid-column gb-grid-column-60a1d140\"><div class=\"gb-container gb-container-60a1d140\">\n<div class=\"gb-container gb-container-d446dbb2\">\n\n<span class=\"gb-button gb-button-4f39012e\"><span class=\"gb-icon\"><svg xmlns=\"http:\/\/www.w3.org\/2000\/svg\" height=\"15\" width=\"15\" fill=\"none\" viewbox=\"0 0 15 15\"><path fill=\"currentColor\" d=\"M4 1.5V4H1.5A1.5 1.5 0 000 5.5v8A1.5 1.5 0 001.5 15h8a1.5 1.5 0 001.5-1.5V11h2.5A1.5 1.5 0 0015 9.5v-8A1.5 1.5 0 0013.5 0h-8A1.5 1.5 0 004 1.5zM5.5 1a.5.5 0 00-.5.5V4h4.5A1.5 1.5 0 0111 5.5V10h2.5a.5.5 0 00.5-.5v-8a.5.5 0 00-.5-.5h-8zm0 10A1.5 1.5 0 014 9.5V5H1.5a.5.5 0 00-.5.5v8a.5.5 0 00.5.5h8a.5.5 0 00.5-.5V11H5.5z\" clip-rule=\"evenodd\" fill-rule=\"evenodd\"><\/path><\/svg><\/span><\/span>\n\n<\/div>\n\n\n<h3 class=\"gb-headline gb-headline-f8d314cb gb-headline-text\"><strong>Ohjelmistoratkaisu<\/strong><\/h3>\n\n\n\n<p>R00002: Helppok&auml;ytt&ouml;inen ja vaivaton kaupank&auml;yntiratkaisusi<br><br>R00002 on m&auml;&auml;r&auml;tietoisesti suunniteltu palvelemaan kaikentasoisia kauppiaita, ja se tarjoaa k&auml;ytt&auml;j&auml;yst&auml;v&auml;llisen ja intuitiivisen alustan saumattomalle Bitcoin ja kryptovaluuttakaupank&auml;ynnille. Tavoitteenamme on varmistaa, ett&auml; kaupank&auml;ynnist&auml; tulee jokaiselle k&auml;ytt&auml;j&auml;lle k&auml;tev&auml;&auml; ja tehokasta.<br><br>R00002:n avulla voit osallistua kryptovaluuttakaupan j&auml;nnitt&auml;v&auml;&auml;n maailmaan ilman, ett&auml; sinun tarvitsee uhrata paljon aikaa ja vaivaa markkinoiden monimutkaisuuden tutkimiseen tai monimutkaisten markkinatietojen ja trendien analysointiin. Menneet ovat ne p&auml;iv&auml;t, jolloin tunsit olevasi hukkua pelottavaan teht&auml;v&auml;&auml;n oppia kaupank&auml;ynti&auml; ja tavoitella mahdollisia voittoja. R00002 tarjoaa sinulle ratkaisun aloittaaksesi kaupank&auml;ynnin vaivattomasti, jopa ilman aiempaa tietoa tai kokemusta, minimoiden vaaditun ajan ja vaivan.<br><br>Koe R00002:n helppous ja helppok&auml;ytt&ouml;isyys, kun annamme sinulle mahdollisuuden aloittaa kaupank&auml;yntimatkasi luottavaisin mielin ja yksinkertaisesti.<\/p>\n\n<\/div><\/div>\n\n<div class=\"gb-grid-column gb-grid-column-6922dcd9\"><div class=\"gb-container gb-container-6922dcd9\">\n<div class=\"gb-container gb-container-b5c2993b\">\n\n<span class=\"gb-button gb-button-05b34aef\"><span class=\"gb-icon\"><svg xmlns=\"http:\/\/www.w3.org\/2000\/svg\" height=\"15\" width=\"15\" fill=\"none\" viewbox=\"0 0 15 15\"><path fill=\"currentColor\" d=\"M4 4V1.5A1.5 1.5 0 015.5 0h8A1.5 1.5 0 0115 1.5v8a1.5 1.5 0 01-1.5 1.5H11v2.5A1.5 1.5 0 019.5 15h-8A1.5 1.5 0 010 13.5v-8A1.5 1.5 0 011.5 4H4zm6 1v5H5V5h5z\" clip-rule=\"evenodd\" fill-rule=\"evenodd\"><\/path><\/svg><\/span><\/span>\n\n<\/div>\n\n\n<h3 class=\"gb-headline gb-headline-13950594 gb-headline-text\"><strong>R00002 Trader Review<\/strong><\/h3>\n\n\n\n<p>R00002: Luotettava kaupank&auml;yntity&ouml;kalu vertaansa vailla olevalla tarkkuudella<br><br>R00002 on luotettava ja tehokas kaupank&auml;yntity&ouml;kalu, joka tarjoaa sek&auml; manuaalisia ett&auml; t&auml;ysin automatisoituja vaihtoehtoja tarkan kryptovaluuttakaupan suorittamiseen puolestasi. Ohjelmistomme perustuu kehittyneisiin algoritmeihin, jotka analysoivat huolellisesti markkinatietoja ja varmistavat, ett&auml; kaupat toteutetaan erinomaisella 99,4 prosentin tarkkuudella. R00003:n erottaa muista ohjelmistoratkaisuista sen huomattava 0,01 sekunnin etu, mik&auml; tekee siit&auml; kauppiaiden suosiman valinnan.<br><br>R00003:n poikkeuksellinen suorituskyky on ker&auml;nnyt tunnustusta arvostetulta US Trading Associationilta, mik&auml; on varmistanut asemansa luokkansa johtavana kaupank&auml;yntiohjelmistona. Lis&auml;ksi sen saumaton toiminta ilman lataustarvetta on saanut virustorjuntayhti&ouml;iden hyv&auml;ksynn&auml;n, mik&auml; vahvistaa entisest&auml;&auml;n sen uskottavuutta ja k&auml;ytt&auml;jien luottamusta.<br><br>Koe R00003:n voima ja avaa tarkan ja tehokkaan kryptovaluuttakaupan maailma, joka poikkeaa muista.<\/p>\n\n<\/div><\/div>\n\n<div class=\"gb-grid-column gb-grid-column-58d3b69b\"><div class=\"gb-container gb-container-58d3b69b\">\n<div class=\"gb-container gb-container-7f21e89f\">\n\n<span class=\"gb-button gb-button-df17151f\"><span class=\"gb-icon\"><svg xmlns=\"http:\/\/www.w3.org\/2000\/svg\" height=\"15\" width=\"15\" fill=\"none\" viewbox=\"0 0 15 15\"><path fill=\"currentColor\" d=\"M4 4H1.5A1.5 1.5 0 000 5.5v8A1.5 1.5 0 001.5 15h8a1.5 1.5 0 001.5-1.5V11h2.5A1.5 1.5 0 0015 9.5v-8A1.5 1.5 0 0013.5 0h-8A1.5 1.5 0 004 1.5V4zm1-2.5a.5.5 0 01.5-.5h8a.5.5 0 01.5.5v8a.5.5 0 01-.5.5h-8a.5.5 0 01-.5-.5v-8z\" clip-rule=\"evenodd\" fill-rule=\"evenodd\"><\/path><\/svg><\/span><\/span>\n\n<\/div>\n\n\n<h3 class=\"gb-headline gb-headline-7625b1b1 gb-headline-text\"><strong>Dragons Den<\/strong><\/h3>\n\n\n\n<p>R00003: Laillinen kaupank&auml;yntiohjelmisto, joka ei liity Dragons Den -huijaukseen<br><br>R00003 haluaa selvent&auml;&auml; kaikki v&auml;&auml;rink&auml;sitykset ja vakuuttaa, ett&auml; ohjelmistomme ei ole mill&auml;&auml;n tavalla yhteydess&auml; pahamaineiseen Dragons Den -huijaukseen tai petolliseen Bitcoin Loophole -j&auml;rjestelm&auml;&auml;n. Dragons Deni&auml; k&auml;ytet&auml;&auml;n usein harhaanjohtavien k&auml;yt&auml;nt&ouml;jen verukkeena, ja siin&auml; yritet&auml;&auml;n huijata pahaa aavistamattomia henkil&ouml;it&auml; sijoittamaan innovatiiviseksi startup-ohjelmistoksi naamioituun huijaukseen. On olennaista huomata, ett&auml; Dragons Den ei koskaan esitellyt aitoa R00003-ohjelmistoa, eik&auml; esitys tai sen n&auml;yttelij&auml;t ole koskaan tukeneet sit&auml;.<br><br>Ymm&auml;rr&auml;mme luottamuksen ja l&auml;pin&auml;kyvyyden merkityksen kryptovaluuttakaupan alalla. R00003 on laillinen ja hyv&auml;maineinen kaupank&auml;yntiohjelmisto, joka toimii riippumattomasti kaikista vilpillisist&auml; toimista. Kehotamme sinua olemaan varovainen ja pysym&auml;&auml;n kaukana mainoksista tai julkaisuista, joissa esitet&auml;&auml;n perusteettomia v&auml;itteit&auml;, jotka liitt&auml;v&auml;t ohjelmistomme kyseenalaisiin k&auml;yt&auml;nt&ouml;ihin.<br><br>Voit olla varma, ett&auml; R00003 on sitoutunut tarjoamaan luotettavan ja turvallisen kaupank&auml;yntialustan kryptovaluuttapyrkimyksillesi.<\/p>\n\n<\/div><\/div>\n<\/div>\n<\/div>\n<\/div><div class=\"gb-container gb-container-39bfdacb\">\n<div class=\"gb-container gb-container-45f3ab74\">\n\n<h3 class=\"gb-headline gb-headline-e982b89b gb-headline-text\">Rekister&ouml;idy turvallisesti numeroon R00001<\/h3>\n\n\n\n<a class=\"gb-button gb-button-a3e3ab09\" href=\"https:\/\/immediateevex.com\/fi\/\"><span class=\"gb-button-text\">Rekister&ouml;idy turvallisesti<\/span><span class=\"gb-icon\"><svg xmlns=\"http:\/\/www.w3.org\/2000\/svg\" aria-hidden=\"true\" role=\"img\" height=\"1em\" width=\"1em\" viewbox=\"0 0 256 512\"><path fill=\"currentColor\" d=\"M224.3 273l-136 136c-9.4 9.4-24.6 9.4-33.9 0l-22.6-22.6c-9.4-9.4-9.4-24.6 0-33.9l96.4-96.4-96.4-96.4c-9.4-9.4-9.4-24.6 0-33.9L54.3 103c9.4-9.4 24.6-9.4 33.9 0l136 136c9.5 9.4 9.5 24.6.1 34z\"><\/path><\/svg><\/span><\/a>\n\n<\/div>\n<\/div>\n","protected":false},"excerpt":{"rendered":"<p>R00001 &ndash; Tietoja meist&auml; Hy&ouml;dynn&auml; R00001-ohjelmiston edut R00001 Erinomaisia &#8203;&#8203;reaaliaikaisessa markkina-analyysiss&auml; ja nopeassa toteutuksessa Yksi R00001:n erottuvista ominaisuuksista on sen vertaansa vailla oleva kyky jatkuvasti ker&auml;t&auml; ja analysoida tehokkaasti reaaliaikaista markkinatietoa. N&auml;in ohjelmistomme pystyy toteuttamaan kauppatoimeksiannot ennenn&auml;kem&auml;tt&ouml;m&auml;ll&auml; nopeudella, joka ylitt&auml;&auml; sek&auml; ihmiskauppiaat ett&auml; muut ohjelmistoratkaisut. Lis&auml;ksi R00001 luottaa tilastolliseen analyysiin, logiikkaan ja matemaattisiin algoritmeihin tehd&auml;kseen &#8230; <a title=\"Meist\u00e4\" class=\"read-more\" href=\"https:\/\/immediateevex.com\/fi\/tietoa-meista\/\" aria-label=\"Lue lis\u00e4\u00e4 aiheesta Meist\u00e4\">Lue lis\u00e4\u00e4<\/a><\/p>\n","protected":false},"author":1,"featured_media":0,"parent":0,"menu_order":0,"comment_status":"closed","ping_status":"closed","template":"","meta":{"footnotes":""},"class_list":["post-4656","page","type-page","status-publish"],"_links":{"self":[{"href":"https:\/\/immediateevex.com\/fi\/wp-json\/wp\/v2\/pages\/4656","targetHints":{"allow":["GET"]}}],"collection":[{"href":"https:\/\/immediateevex.com\/fi\/wp-json\/wp\/v2\/pages"}],"about":[{"href":"https:\/\/immediateevex.com\/fi\/wp-json\/wp\/v2\/types\/page"}],"author":[{"embeddable":true,"href":"https:\/\/immediateevex.com\/fi\/wp-json\/wp\/v2\/users\/1"}],"replies":[{"embeddable":true,"href":"https:\/\/immediateevex.com\/fi\/wp-json\/wp\/v2\/comments?post=4656"}],"version-history":[{"count":3,"href":"https:\/\/immediateevex.com\/fi\/wp-json\/wp\/v2\/pages\/4656\/revisions"}],"predecessor-version":[{"id":13369,"href":"https:\/\/immediateevex.com\/fi\/wp-json\/wp\/v2\/pages\/4656\/revisions\/13369"}],"wp:attachment":[{"href":"https:\/\/immediateevex.com\/fi\/wp-json\/wp\/v2\/media?parent=4656"}],"curies":[{"name":"wp","href":"https:\/\/api.w.org\/{rel}","templated":true}]}}