{"id":4416,"date":"2023-07-20T11:44:03","date_gmt":"2023-07-20T11:44:03","guid":{"rendered":"https:\/\/immediateevex.com\/polityka-prywatnosci\/"},"modified":"2024-05-31T08:45:51","modified_gmt":"2024-05-31T08:45:51","slug":"polityka-prywatnosci","status":"publish","type":"page","link":"https:\/\/immediateevex.com\/pl\/polityka-prywatnosci\/","title":{"rendered":"Polityka prywatno\u015bci"},"content":{"rendered":"<?xml encoding=\"UTF-8\"><div class=\"gb-container gb-container-f493ca47\">\n<div class=\"gb-container gb-container-74097ace\">\n\n<h1 class=\"gb-headline gb-headline-d325e19c gb-headline-text\"><strong>Polityka prywatno&#347;ci<\/strong><\/h1>\n\n<\/div>\n<\/div><div class=\"gb-container gb-container-1f40b461\">\n<div class=\"gb-container gb-container-cd0a0029\">\n\n<h2 class=\"wp-block-heading\">Kim jeste&#347;my<\/h2>\n\n\n\n<p>Adres naszej strony internetowej to: https:\/\/immediateevex.com\/.<\/p>\n\n\n\n<h2 class=\"wp-block-heading\">Uwagi<\/h2>\n\n\n\n<p>Kiedy odwiedzaj&#261;cy witryn&#281; zostawia komentarz, zbieramy dane widoczne w formularzu komentowania, a tak&#380;e adres IP odwiedzaj&#261;cego i podpis jego przegl&#261;darki, aby pom&oacute;c w wykrywaniu spamu.<\/p>\n\n\n\n<p>Zanonimizowany ci&#261;g znak&oacute;w utworzony na podstawie Twojego adresu e-mail (zwany tak&#380;e skr&oacute;tem) mo&#380;e zosta&#263; przes&#322;any do us&#322;ugi Gravatar w celu sprawdzenia, czy z niej korzystasz. Polityka prywatno&#347;ci us&#322;ugi Gravatar dost&#281;pna jest tutaj: https:\/\/automattic.com\/privacy\/. Po zatwierdzeniu komentarza Twoje zdj&#281;cie profilowe b&#281;dzie widoczne publicznie w kontek&#347;cie Twojego komentarza.<\/p>\n\n\n\n<h2 class=\"wp-block-heading\">G&#322;oska bezd&#378;wi&#281;czna<\/h2>\n\n\n\n<p>Je&#347;li przesy&#322;asz obrazy na stron&#281; internetow&#261;, powiniene&#347; unika&#263; przesy&#322;ania obraz&oacute;w z osadzonymi danymi o lokalizacji (EXIF GPS). Odwiedzaj&#261;cy witryn&#281; mog&#261; pobiera&#263; i wyodr&#281;bnia&#263; dowolne dane dotycz&#261;ce lokalizacji z obraz&oacute;w znajduj&#261;cych si&#281; na stronie internetowej.<\/p>\n\n\n\n<h2 class=\"wp-block-heading\">Ciasteczka<\/h2>\n\n\n\n<p>Je&#347;li zostawisz komentarz na naszej stronie, mo&#380;esz wyrazi&#263; zgod&#281; na zapisywanie Twojego imienia i nazwiska, adresu e-mail i strony internetowej w plikach cookie. Maj&#261; one na celu Twoj&#261; wygod&#281;, aby&#347; nie musia&#322; ponownie wpisywa&#263; swoich danych, gdy dodasz kolejny komentarz. Te pliki cookie b&#281;d&#261; wa&#380;ne przez rok.<\/p>\n\n\n\n<p>Je&#347;li odwiedzisz nasz&#261; stron&#281; logowania, utworzymy tymczasowy plik cookie na potrzeby sprawdzenia, czy Twoja przegl&#261;darka akceptuje pliki cookie. Ten plik cookie nie zawiera &#380;adnych danych osobowych i jest usuwany po zamkni&#281;ciu przegl&#261;darki.<\/p>\n\n\n\n<p>Kiedy si&#281; zalogujesz, utworzymy r&oacute;wnie&#380; kilka plik&oacute;w cookie, aby zapisa&#263; Twoje dane logowania i wybrane opcje wy&#347;wietlania ekranu. Pliki cookie s&#322;u&#380;&#261;ce do logowania s&#261; wa&#380;ne przez dwa dni, a pliki cookie dotycz&#261;ce opcji ekranowych &ndash; przez rok. Je&#347;li wybierzesz opcj&#281; &bdquo;Zapami&#281;taj mnie&rdquo;, Tw&oacute;j login b&#281;dzie wa&#380;ny przez dwa tygodnie. Je&#347;li wylogujesz si&#281; ze swojego konta, pliki cookie logowania zostan&#261; usuni&#281;te.<\/p>\n\n\n\n<p>Je&#347;li zmodyfikujesz lub opublikujesz artyku&#322;, w Twojej przegl&#261;darce zostanie zapisane dodatkowe ciasteczko. Ten plik cookie nie zawiera &#380;adnych danych osobowych i po prostu wskazuje identyfikator wpisu w&#322;a&#347;nie edytowanego artyku&#322;u. Wygasa po 1 dniu.<\/p>\n\n\n\n<h2 class=\"wp-block-heading\">Osadzone tre&#347;ci z innych stron internetowych<\/h2>\n\n\n\n<p>Artyku&#322;y w tej witrynie mog&#261; zawiera&#263; osadzone tre&#347;ci (np. filmy, obrazy, artyku&#322;y itp.). Osadzone tre&#347;ci z innych witryn zachowuj&#261; si&#281; dok&#322;adnie tak samo, jakby u&#380;ytkownik odwiedzi&#322; inn&#261; witryn&#281;.<\/p>\n\n\n\n<p>Strony te mog&#261; zbiera&#263; dane o Tobie, wykorzystywa&#263; pliki cookie, osadza&#263; dodatkowe &#347;ledzenie stron trzecich i monitorowa&#263; Twoj&#261; interakcj&#281; z osadzon&#261; tre&#347;ci&#261;, w tym &#347;ledzenie Twojej interakcji z osadzon&#261; tre&#347;ci&#261;, je&#347;li masz konto i jeste&#347; zalogowany w tej witrynie.<\/p>\n\n\n\n<h2 class=\"wp-block-heading\">Komu udost&#281;pniamy Twoje dane<\/h2>\n\n\n\n<p>Je&#347;li poprosisz o zresetowanie has&#322;a, Tw&oacute;j adres IP zostanie zawarty w wiadomo&#347;ci e-mail dotycz&#261;cej resetowania.<\/p>\n\n\n\n<h2 class=\"wp-block-heading\">Jak d&#322;ugo przechowujemy Twoje dane<\/h2>\n\n\n\n<p>Je&#347;li zostawisz komentarz, komentarz i jego metadane b&#281;d&#261; przechowywane przez czas nieokre&#347;lony. Dzi&#281;ki temu mo&#380;emy automatycznie rozpoznawa&#263; i zatwierdza&#263; wszelkie kolejne komentarze, zamiast umieszcza&#263; je w kolejce moderacji.<\/p>\n\n\n\n<p>W przypadku u&#380;ytkownik&oacute;w, kt&oacute;rzy zarejestruj&#261; si&#281; na naszej stronie internetowej (je&#347;li istniej&#261;), przechowujemy r&oacute;wnie&#380; dane osobowe, kt&oacute;re podaj&#261; w swoim profilu u&#380;ytkownika. Wszyscy u&#380;ytkownicy mog&#261; w dowolnym momencie przegl&#261;da&#263;, edytowa&#263; lub usuwa&#263; swoje dane osobowe (z wyj&#261;tkiem tego, &#380;e nie mog&#261; zmieni&#263; swojej nazwy u&#380;ytkownika). Administratorzy witryny r&oacute;wnie&#380; mog&#261; przegl&#261;da&#263; i edytowa&#263; te informacje.<\/p>\n\n\n\n<h2 class=\"wp-block-heading\">Jakie masz prawa do swoich danych<\/h2>\n\n\n\n<p>Je&#347;li masz konto w tej witrynie lub doda&#322;e&#347; komentarze, mo&#380;esz poprosi&#263; o otrzymanie pliku z wyeksportowanym kompletem danych osobowych, kt&oacute;re posiadamy na Tw&oacute;j temat, w tym wszelkich danych, kt&oacute;re nam przekaza&#322;e&#347;. Mo&#380;esz tak&#380;e za&#380;&#261;da&#263; usuni&#281;cia przez nas wszelkich danych osobowych, kt&oacute;re posiadamy na Tw&oacute;j temat. Nie dotyczy to &#380;adnych danych, kt&oacute;re jeste&#347;my zobowi&#261;zani przechowywa&#263; ze wzgl&#281;d&oacute;w administracyjnych, prawnych lub bezpiecze&#324;stwa.<\/p>\n\n\n\n<h2 class=\"wp-block-heading\">Gdzie przesy&#322;ane s&#261; Twoje dane<\/h2>\n\n\n\n<p>Komentarze go&#347;ci mog&#261; by&#263; sprawdzane za pomoc&#261; automatycznej us&#322;ugi wykrywania spamu.<\/p>\n\n<\/div>\n<\/div>\n","protected":false},"excerpt":{"rendered":"<p>Polityka prywatno&#347;ci Kim jeste&#347;my Adres naszej strony internetowej to: https:\/\/immediateevex.com\/. Uwagi Kiedy odwiedzaj&#261;cy witryn&#281; zostawia komentarz, zbieramy dane widoczne w formularzu komentowania, a tak&#380;e adres IP odwiedzaj&#261;cego i podpis jego przegl&#261;darki, aby pom&oacute;c w wykrywaniu spamu. Zanonimizowany ci&#261;g znak&oacute;w utworzony na podstawie Twojego adresu e-mail (zwany tak&#380;e skr&oacute;tem) mo&#380;e zosta&#263; przes&#322;any do us&#322;ugi Gravatar w &#8230; <a title=\"Polityka prywatno\u015bci\" class=\"read-more\" href=\"https:\/\/immediateevex.com\/pl\/polityka-prywatnosci\/\" aria-label=\"Dowiedz si\u0119 wi\u0119cej o Polityka prywatno\u015bci\">Czytaj dalej<\/a><\/p>\n","protected":false},"author":1,"featured_media":0,"parent":0,"menu_order":0,"comment_status":"closed","ping_status":"closed","template":"","meta":{"footnotes":""},"class_list":["post-4416","page","type-page","status-publish"],"_links":{"self":[{"href":"https:\/\/immediateevex.com\/pl\/wp-json\/wp\/v2\/pages\/4416","targetHints":{"allow":["GET"]}}],"collection":[{"href":"https:\/\/immediateevex.com\/pl\/wp-json\/wp\/v2\/pages"}],"about":[{"href":"https:\/\/immediateevex.com\/pl\/wp-json\/wp\/v2\/types\/page"}],"author":[{"embeddable":true,"href":"https:\/\/immediateevex.com\/pl\/wp-json\/wp\/v2\/users\/1"}],"replies":[{"embeddable":true,"href":"https:\/\/immediateevex.com\/pl\/wp-json\/wp\/v2\/comments?post=4416"}],"version-history":[{"count":0,"href":"https:\/\/immediateevex.com\/pl\/wp-json\/wp\/v2\/pages\/4416\/revisions"}],"wp:attachment":[{"href":"https:\/\/immediateevex.com\/pl\/wp-json\/wp\/v2\/media?parent=4416"}],"curies":[{"name":"wp","href":"https:\/\/api.w.org\/{rel}","templated":true}]}}