{"id":4422,"date":"2023-07-20T11:44:03","date_gmt":"2023-07-20T11:44:03","guid":{"rendered":"https:\/\/immediateevex.com\/zasady-ochrany-osobnych-udajov\/"},"modified":"2024-05-31T08:45:51","modified_gmt":"2024-05-31T08:45:51","slug":"zasady-ochrany-osobnych-udajov","status":"publish","type":"page","link":"https:\/\/immediateevex.com\/sk\/zasady-ochrany-osobnych-udajov\/","title":{"rendered":"Z\u00e1sady ochrany osobn\u00fdch \u00fadajov"},"content":{"rendered":"<?xml encoding=\"UTF-8\"><div class=\"gb-container gb-container-f493ca47\">\n<div class=\"gb-container gb-container-74097ace\">\n\n<h1 class=\"gb-headline gb-headline-d325e19c gb-headline-text\"><strong>Z&aacute;sady ochrany osobn&yacute;ch &uacute;dajov<\/strong><\/h1>\n\n<\/div>\n<\/div><div class=\"gb-container gb-container-1f40b461\">\n<div class=\"gb-container gb-container-cd0a0029\">\n\n<h2 class=\"wp-block-heading\">Kto sme<\/h2>\n\n\n\n<p>Na&scaron;a webov&aacute; adresa je: https:\/\/immediateevex.com\/.<\/p>\n\n\n\n<h2 class=\"wp-block-heading\">Koment&aacute;re<\/h2>\n\n\n\n<p>Ke&#271; n&aacute;v&scaron;tevn&iacute;ci zanechaj&uacute; koment&aacute;re na str&aacute;nke, zhroma&#382;&#271;ujeme &uacute;daje zobrazen&eacute; vo formul&aacute;ri koment&aacute;rov, ako aj IP adresu n&aacute;v&scaron;tevn&iacute;ka a re&#357;azec pou&#382;&iacute;vate&#318;sk&eacute;ho agenta prehliada&#269;a, aby sme pomohli odhali&#357; spam.<\/p>\n\n\n\n<p>Anonymizovan&yacute; re&#357;azec vytvoren&yacute; z va&scaron;ej e-mailovej adresy (naz&yacute;van&yacute; aj hash) m&ocirc;&#382;e by&#357; poskytnut&yacute; slu&#382;be Gravatar, aby ste zistili, &#269;i ju pou&#382;&iacute;vate. Z&aacute;sady ochrany osobn&yacute;ch &uacute;dajov slu&#382;by Gravatar s&uacute; k dispoz&iacute;cii tu: https:\/\/automattic.com\/privacy\/. Po schv&aacute;len&iacute; v&aacute;&scaron;ho koment&aacute;ra bude v&aacute;&scaron; profilov&yacute; obr&aacute;zok vidite&#318;n&yacute; pre verejnos&#357; v kontexte v&aacute;&scaron;ho koment&aacute;ra.<\/p>\n\n\n\n<h2 class=\"wp-block-heading\">M&eacute;di&aacute;<\/h2>\n\n\n\n<p>Ak odovzd&aacute;vate obr&aacute;zky na webov&uacute; str&aacute;nku, mali by ste sa vyhn&uacute;&#357; nahr&aacute;vaniu obr&aacute;zkov s vlo&#382;en&yacute;mi &uacute;dajmi o polohe (EXIF GPS). N&aacute;v&scaron;tevn&iacute;ci webovej str&aacute;nky si m&ocirc;&#382;u stiahnu&#357; a extrahova&#357; ak&eacute;ko&#318;vek &uacute;daje o polohe z obr&aacute;zkov na webovej str&aacute;nke.<\/p>\n\n\n\n<h2 class=\"wp-block-heading\">Cookies<\/h2>\n\n\n\n<p>Ak na na&scaron;ej str&aacute;nke zanech&aacute;te koment&aacute;r, m&ocirc;&#382;ete sa prihl&aacute;si&#357; na ulo&#382;enie svojho mena, e-mailovej adresy a webovej str&aacute;nky do s&uacute;borov cookie. S&uacute; to pre va&scaron;e pohodlie, aby ste nemuseli znova vyp&#314;&#328;a&#357; svoje &uacute;daje, ke&#271; zanech&aacute;te &#271;al&scaron;&iacute; koment&aacute;r. Tieto cookies vydr&#382;ia jeden rok.<\/p>\n\n\n\n<p>Ak nav&scaron;t&iacute;vite na&scaron;u prihlasovaciu str&aacute;nku, nastav&iacute;me do&#269;asn&yacute; s&uacute;bor cookie, ktor&yacute; ur&#269;&iacute;, &#269;i v&aacute;&scaron; prehliada&#269; prij&iacute;ma s&uacute;bory cookie. Tento s&uacute;bor cookie neobsahuje &#382;iadne osobn&eacute; &uacute;daje a po zatvoren&iacute; prehliada&#269;a sa zahod&iacute;.<\/p>\n\n\n\n<p>Ke&#271; sa prihl&aacute;site, nastav&iacute;me tie&#382; nieko&#318;ko s&uacute;borov cookie na ulo&#382;enie va&scaron;ich prihlasovac&iacute;ch inform&aacute;ci&iacute; a va&scaron;ich mo&#382;nost&iacute; zobrazenia obrazovky. Prihlasovacie s&uacute;bory cookie trvaj&uacute; dva dni a s&uacute;bory cookie mo&#382;nost&iacute; obrazovky trvaj&uacute; jeden rok. Ak vyberiete mo&#382;nos&#357; &bdquo;Zapam&auml;ta&#357; si ma&ldquo;, va&scaron;e prihl&aacute;senie bude trva&#357; dva t&yacute;&#382;dne. Ak sa odhl&aacute;site zo svojho &uacute;&#269;tu, prihlasovacie s&uacute;bory cookie bud&uacute; odstr&aacute;nen&eacute;.<\/p>\n\n\n\n<p>Ak uprav&iacute;te alebo zverejn&iacute;te &#269;l&aacute;nok, vo va&scaron;om prehliada&#269;i sa ulo&#382;&iacute; dodato&#269;n&yacute; s&uacute;bor cookie. Tento s&uacute;bor cookie neobsahuje &#382;iadne osobn&eacute; &uacute;daje a jednoducho ozna&#269;uje ID pr&iacute;spevku &#269;l&aacute;nku, ktor&yacute; ste pr&aacute;ve upravili. Jeho platnos&#357; vypr&scaron;&iacute; po 1 dni.<\/p>\n\n\n\n<h2 class=\"wp-block-heading\">Vlo&#382;en&yacute; obsah z in&yacute;ch webov&yacute;ch str&aacute;nok<\/h2>\n\n\n\n<p>&#268;l&aacute;nky na tejto str&aacute;nke m&ocirc;&#382;u obsahova&#357; vlo&#382;en&yacute; obsah (napr. vide&aacute;, obr&aacute;zky, &#269;l&aacute;nky at&#271;.). Vlo&#382;en&yacute; obsah z in&yacute;ch webov&yacute;ch str&aacute;nok sa spr&aacute;va &uacute;plne rovnako, ako keby n&aacute;v&scaron;tevn&iacute;k nav&scaron;t&iacute;vil in&uacute; webov&uacute; str&aacute;nku.<\/p>\n\n\n\n<p>Tieto webov&eacute; str&aacute;nky m&ocirc;&#382;u o v&aacute;s zhroma&#382;&#271;ova&#357; &uacute;daje, pou&#382;&iacute;va&#357; s&uacute;bory cookie, vklada&#357; &#271;al&scaron;ie sledovanie tret&iacute;ch str&aacute;n a monitorova&#357; va&scaron;u interakciu s t&yacute;mto vlo&#382;en&yacute;m obsahom vr&aacute;tane sledovania va&scaron;ej interakcie s vlo&#382;en&yacute;m obsahom, ak m&aacute;te &uacute;&#269;et a ste na danej webovej lokalite prihl&aacute;sen&iacute;.<\/p>\n\n\n\n<h2 class=\"wp-block-heading\">S k&yacute;m zdie&#318;ame va&scaron;e &uacute;daje<\/h2>\n\n\n\n<p>Ak po&#382;iadate o obnovenie hesla, va&scaron;a IP adresa bude zahrnut&aacute; v e-maile na obnovenie.<\/p>\n\n\n\n<h2 class=\"wp-block-heading\">Ako dlho uchov&aacute;vame va&scaron;e &uacute;daje<\/h2>\n\n\n\n<p>Ak zanech&aacute;te koment&aacute;r, koment&aacute;r a jeho metad&aacute;ta sa uchovaj&uacute; na neur&#269;ito. Je to preto, aby sme mohli automaticky rozpozna&#357; a schv&aacute;li&#357; ak&eacute;ko&#318;vek n&aacute;sledn&eacute; koment&aacute;re namiesto toho, aby sme ich zaradili do poradia na moderovanie.<\/p>\n\n\n\n<p>Pre pou&#382;&iacute;vate&#318;ov, ktor&iacute; sa zaregistruj&uacute; na na&scaron;ej webovej str&aacute;nke (ak existuj&uacute;), uklad&aacute;me osobn&eacute; &uacute;daje, ktor&eacute; n&aacute;m poskytn&uacute;, aj v ich pou&#382;&iacute;vate&#318;skom profile. V&scaron;etci pou&#382;&iacute;vatelia m&ocirc;&#382;u kedyko&#318;vek zobrazi&#357;, upravi&#357; alebo odstr&aacute;ni&#357; svoje osobn&eacute; &uacute;daje (okrem toho, &#382;e si nem&ocirc;&#382;u zmeni&#357; svoje pou&#382;&iacute;vate&#318;sk&eacute; meno). Spr&aacute;vcovia webov&yacute;ch str&aacute;nok m&ocirc;&#382;u tie&#382; zobrazi&#357; a upravi&#357; tieto inform&aacute;cie.<\/p>\n\n\n\n<h2 class=\"wp-block-heading\">Ak&eacute; pr&aacute;va m&aacute;te k svojim &uacute;dajom<\/h2>\n\n\n\n<p>Ak m&aacute;te &uacute;&#269;et na tejto str&aacute;nke alebo ste pridali koment&aacute;re, m&ocirc;&#382;ete po&#382;iada&#357; o zaslanie exportovan&eacute;ho s&uacute;boru osobn&yacute;ch &uacute;dajov, ktor&eacute; o v&aacute;s uchov&aacute;vame, vr&aacute;tane v&scaron;etk&yacute;ch &uacute;dajov, ktor&eacute; ste n&aacute;m poskytli. M&ocirc;&#382;ete tie&#382; po&#382;iada&#357;, aby sme vymazali v&scaron;etky osobn&eacute; &uacute;daje, ktor&eacute; o v&aacute;s uchov&aacute;vame. To nezah&#341;&#328;a &#382;iadne &uacute;daje, ktor&eacute; sme povinn&iacute; uchov&aacute;va&#357; na administrat&iacute;vne, pr&aacute;vne alebo bezpe&#269;nostn&eacute; &uacute;&#269;ely.<\/p>\n\n\n\n<h2 class=\"wp-block-heading\">Kam sa odosielaj&uacute; va&scaron;e &uacute;daje<\/h2>\n\n\n\n<p>Koment&aacute;re n&aacute;v&scaron;tevn&iacute;kov m&ocirc;&#382;u by&#357; kontrolovan&eacute; prostredn&iacute;ctvom slu&#382;by automatizovanej detekcie spamu.<\/p>\n\n<\/div>\n<\/div>\n","protected":false},"excerpt":{"rendered":"<p>Z&aacute;sady ochrany osobn&yacute;ch &uacute;dajov Kto sme Na&scaron;a webov&aacute; adresa je: https:\/\/immediateevex.com\/. Koment&aacute;re Ke&#271; n&aacute;v&scaron;tevn&iacute;ci zanechaj&uacute; koment&aacute;re na str&aacute;nke, zhroma&#382;&#271;ujeme &uacute;daje zobrazen&eacute; vo formul&aacute;ri koment&aacute;rov, ako aj IP adresu n&aacute;v&scaron;tevn&iacute;ka a re&#357;azec pou&#382;&iacute;vate&#318;sk&eacute;ho agenta prehliada&#269;a, aby sme pomohli odhali&#357; spam. Anonymizovan&yacute; re&#357;azec vytvoren&yacute; z va&scaron;ej e-mailovej adresy (naz&yacute;van&yacute; aj hash) m&ocirc;&#382;e by&#357; poskytnut&yacute; slu&#382;be Gravatar, aby &#8230; <a title=\"Z\u00e1sady ochrany osobn\u00fdch \u00fadajov\" class=\"read-more\" href=\"https:\/\/immediateevex.com\/sk\/zasady-ochrany-osobnych-udajov\/\" aria-label=\"Pre\u010d\u00edtajte si viac o Z\u00e1sady ochrany osobn\u00fdch \u00fadajov\">Read more<\/a><\/p>\n","protected":false},"author":1,"featured_media":0,"parent":0,"menu_order":0,"comment_status":"closed","ping_status":"closed","template":"","meta":{"footnotes":""},"class_list":["post-4422","page","type-page","status-publish"],"_links":{"self":[{"href":"https:\/\/immediateevex.com\/sk\/wp-json\/wp\/v2\/pages\/4422","targetHints":{"allow":["GET"]}}],"collection":[{"href":"https:\/\/immediateevex.com\/sk\/wp-json\/wp\/v2\/pages"}],"about":[{"href":"https:\/\/immediateevex.com\/sk\/wp-json\/wp\/v2\/types\/page"}],"author":[{"embeddable":true,"href":"https:\/\/immediateevex.com\/sk\/wp-json\/wp\/v2\/users\/1"}],"replies":[{"embeddable":true,"href":"https:\/\/immediateevex.com\/sk\/wp-json\/wp\/v2\/comments?post=4422"}],"version-history":[{"count":0,"href":"https:\/\/immediateevex.com\/sk\/wp-json\/wp\/v2\/pages\/4422\/revisions"}],"wp:attachment":[{"href":"https:\/\/immediateevex.com\/sk\/wp-json\/wp\/v2\/media?parent=4422"}],"curies":[{"name":"wp","href":"https:\/\/api.w.org\/{rel}","templated":true}]}}