{"id":4657,"date":"2020-09-18T14:36:50","date_gmt":"2020-09-18T14:36:50","guid":{"rendered":"https:\/\/immediateevex.com\/o-nas\/"},"modified":"2024-11-13T15:41:34","modified_gmt":"2024-11-13T15:41:34","slug":"o-nas","status":"publish","type":"page","link":"https:\/\/immediateevex.com\/sk\/o-nas\/","title":{"rendered":"O n\u00e1s"},"content":{"rendered":"<?xml encoding=\"UTF-8\"><div class=\"gb-container gb-container-a462a256\">\n<div class=\"gb-container gb-container-2acc6621\">\n\n<h1 class=\"gb-headline gb-headline-d325e19c gb-headline-text\">R00001 &ndash; O n&aacute;s<\/h1>\n\n<\/div>\n<\/div><div class=\"gb-container gb-container-287f468b\">\n<div class=\"gb-grid-wrapper gb-grid-wrapper-962a4b61\">\n<div class=\"gb-grid-column gb-grid-column-518eebe1\"><div class=\"gb-container gb-container-518eebe1\">\n\n<h2 class=\"gb-headline gb-headline-db283a53 gb-headline-text\">&#268;o je R00001?<\/h2>\n\n\n\n<p class=\"gb-headline gb-headline-2aab0c09 gb-headline-text\">Ke&#271; sa stanete &#269;lenom komunity <a href=\"https:\/\/immediateevex.com\/sk\/\" data-type=\"page\" data-id=\"3554\">R00001<\/a> , odomknete pr&iacute;stup k popredn&eacute;mu softv&eacute;ru na obchodovanie s kryptomenami. Uis&#357;ujeme v&aacute;s, &#382;e predch&aacute;dzaj&uacute;ce sk&uacute;senosti alebo odborn&eacute; znalosti v oblasti obchodovania nie s&uacute; podmienkou na vyu&#382;itie jeho mo&#382;nost&iacute;.<br><br>Na&scaron;a platforma prin&aacute;&scaron;a mno&#382;stvo v&yacute;hod. Starostlivo zhroma&#382;&#271;uje a analyzuje &uacute;daje, rob&iacute; logick&eacute; a objekt&iacute;vne rozhodnutia a bezprobl&eacute;movo vykon&aacute;va obchody vo va&scaron;om mene, pri&#269;om funguje prakticky nepretr&#382;ite.<br><br>R00001 presahuje r&aacute;mec toho, &#382;e je to len automatizovan&yacute; obchodn&yacute; softv&eacute;r &ndash; je to komplexn&aacute; online obchodn&aacute; komunita. Na&scaron;i &#269;lenovia vyu&#382;&iacute;vaj&uacute; v&yacute;hody bezprobl&eacute;mov&eacute;ho a ziskov&eacute;ho obchodovania s kryptomenami na jednom mieste.<br><br>S R00001 prebieha anal&yacute;za trendov na trhu a automatizovan&eacute; obchodn&eacute; akcie s pozoruhodnou r&yacute;chlos&#357;ou, ktor&aacute; prekon&aacute;va mnoho in&yacute;ch obchodn&yacute;ch softv&eacute;rov o ohromuj&uacute;cich 0,01 sekundy.<\/p>\n\n<\/div><\/div>\n\n<div class=\"gb-grid-column gb-grid-column-c979851e\"><div class=\"gb-container gb-container-c979851e\">\n<div class=\"gb-container gb-container-07c2a368\">\n\n<h2 class=\"gb-headline gb-headline-857f0010 gb-headline-text\">Z&iacute;skajte inform&aacute;cie o na&scaron;ej platforme &ndash; bezplatn&aacute; registr&aacute;cia<\/h2>\n\n\n<?xml encoding=\"UTF-8\"><script>\n        localStorage.setItem('fxbot_ab_testing', '{\"login\":[],\"registration\":[],\"contactus\":[]}');\n    <\/script><style>\n        .reCAPTCHAContent {\n            display: none;\n            visibility: hidden;\n        }\n    <\/style><script>\n    localStorage.setItem('fxbot_api_parameters', '[{\"key\":\"funnel\",\"value\":\"KW_F_00001\",\"override\":true},{\"key\":\"emailmarketing\",\"value\":\"1\",\"override\":true}]');\n    localStorage.setItem('fxbot_alias_url', 'wp-content\/plugins\/fxbot-registration-form\/api.php');\n    localStorage.setItem('fxbot_email_marketing', '1');\n    localStorage.setItem('fxbot_email_marketing_debounce', 'true');\n    localStorage.setItem('fxbot_email_marketing_debounce_time', '1000');\n    localStorage.setItem('fxbot_recaptcha_enabled', 'false');\n    localStorage.setItem('fxbot_recaptcha_site_key', 'EMPTY');\n    localStorage.setItem('fxbot_alt_reg_popup_query_selector', '');\n    localStorage.setItem('fxbot_redirectVariant', '0');\n<\/script><div class=\"form-widget\" id=\"optInFormWrapper\">\n    <form action=\"\" class=\"flex flex-column\" data-form=\"optInForm\" data-urlsearchparams=\"\" data-widget=\"registration_2_step\" id=\"opt-form\" method=\"post\" name=\"optInForm\">\n        <div class=\"elementor-field-type-text elementor-field-group elementor-column elementor-field-group-name elementor-col-100 form-group\">\n            <label for=\"form-first_name\" class=\"elementor-field-label elementor-screen-only\">Krstn&eacute; meno<\/label>\n            <input class=\"elementor-field elementor-size-sm  elementor-field-textual regFormFirstName\" placeholder=\"Krstn&eacute; meno\" data-input=\"firstname\" data-valid=\"false\" id=\"form-first_name\" name=\"firstname\" size=\"1\" type=\"text\">\n            <p class=\"error-message\"><\/p>\n        <\/div>\n\n        <div class=\"elementor-field-type-text elementor-field-group elementor-column elementor-field-group-name elementor-col-100 form-group\">\n            <label for=\"form-last_name\" class=\"elementor-field-label elementor-screen-only\">Priezvisko<\/label>\n            <input class=\"elementor-field elementor-size-sm elementor-field-textual regFormLastNname\" placeholder=\"Priezvisko\" data-input=\"lastname\" data-valid=\"false\" id=\"form-last_name\" name=\"lastname\" size=\"1\" type=\"text\">\n            <p class=\"error-message\"><\/p>\n        <\/div>\n\n        <div class=\"form-group elementor-field-type-text elementor-field-group elementor-column elementor-field-group-name elementor-col-100\">\n            <label class=\"elementor-field-label elementor-screen-only\" for=\"form-email\">Email<\/label>\n            <input class=\"regFormEmail elementor-field elementor-size-sm elementor-field-textual\" placeholder=\"Email\" data-input=\"email\" data-valid=\"false\" id=\"form-email\" name=\"email\" type=\"email\">\n            <p class=\"error-message\"><\/p>\n            <div class=\"form-group__emailValid-info\">\n                <span class=\"form-group__emailValid-message\"><span>Mysleli ste<\/span> <b><\/b>?<\/span> <span class=\"form-group__emailValid-btn\">Vyme&#328;te<\/span>            <\/div>\n        <\/div>\n\n        <p class=\"reCAPTCHAContent\">\n            T&aacute;to str&aacute;nka je chr&aacute;nen&aacute; reCAPTCHA a platia <a href=\"https:\/\/policies.google.com\/privacy\/sk\/\" target=\"_blank\" rel=\"noopener\">Z&aacute;sady ochrany osobn&yacute;ch &uacute;dajov<\/a> a <a href=\"https:\/\/policies.google.com\/terms\/sk\/\" target=\"_blank\" rel=\"noopener\">Podmienky slu&#382;by<\/a> Google.        <\/p>\n\n        <button class=\"zoom regFormButton elementor-button elementor-size-sm\" data-button=\"submit\" id=\"optInForm-btn\">\n            Learn More        <\/button>\n    <\/form>\n<\/div><div class=\"form-widget\" id=\"regFormWrapper\" style=\"visibility: hidden; width: 0; height:0\">\n    <form action=\"\" class=\"flex flex-column\" data-form=\"registrationForm\" data-urlsearchparams=\"\" data-widget=\"registration_2_step\" id=\"reg-form\" method=\"post\" name=\"registrationForm\">\n        <div class=\"elementor-field-type-text elementor-field-group elementor-column elementor-field-group-name elementor-col-100 form-group\">\n            <label for=\"form-first_name\" class=\"elementor-field-label elementor-screen-only\">Krstn&eacute; meno<\/label>\n            <input class=\"elementor-field elementor-size-sm  elementor-field-textual regFormFirstName\" placeholder=\"Krstn&eacute; meno\" data-input=\"firstname\" data-valid=\"false\" id=\"form-first_name\" name=\"firstname\" size=\"1\" type=\"text\">\n            <p class=\"error-message\"><\/p>\n        <\/div>\n\n        <div class=\"elementor-field-type-text elementor-field-group elementor-column elementor-field-group-name elementor-col-100 form-group\">\n            <label for=\"form-last_name\" class=\"elementor-field-label elementor-screen-only\">Priezvisko<\/label>\n            <input class=\"elementor-field elementor-size-sm elementor-field-textual regFormLastNname\" placeholder=\"Priezvisko\" data-input=\"lastname\" data-valid=\"false\" id=\"form-last_name\" name=\"lastname\" size=\"1\" type=\"text\">\n            <p class=\"error-message\"><\/p>\n        <\/div>\n\n        <div class=\"elementor-field-type-text elementor-field-group elementor-column elementor-field-group-name elementor-col-100 form-group form-group__emailValid\">\n            <label class=\"elementor-field-label elementor-screen-only\" for=\"form-email\">Email<\/label>\n            <input class=\"elementor-field elementor-size-sm elementor-field-textual regFormEmail\" placeholder=\"Email\" data-input=\"email\" data-valid=\"false\" id=\"form-email\" name=\"email\" type=\"email\">\n            <p class=\"error-message\"><\/p>\n            <p class=\"form-group__emailValid-info\">\n                <span class=\"form-group__emailValid-message\"><span>Mysleli ste<\/span> <b><\/b>?<\/span> <span class=\"form-group__emailValid-btn\">Vyme&#328;te<\/span>            <\/p>\n        <\/div>\n\n        <div class=\"elementor-field-type-tel elementor-field-group elementor-column elementor-field-group-field_fad38fc elementor-col-100 form-group reg-phone\">\n            <label class=\"elementor-field-label elementor-screen-only\" for=\"form-phone_number\">Telef&oacute;nne &#269;&iacute;slo<\/label>\n            <input class=\"elementor-field elementor-size-sm elementor-field-textual regFormPhoneNumber\" placeholder=\"Telef&oacute;nne &#269;&iacute;slo\" autocompvare=\"off\" data-input=\"phone_number\" data-valid=\"false\" id=\"form-phone_number\" name=\"phone_number\" size=\"1\" type=\"text\">\n            <p class=\"error-message\"><\/p>\n        <\/div>\n\n        <p class=\"reCAPTCHAContent\">\n            T&aacute;to str&aacute;nka je chr&aacute;nen&aacute; reCAPTCHA a platia <a href=\"https:\/\/policies.google.com\/privacy\/sk\/\" target=\"_blank\" rel=\"noopener\">Z&aacute;sady ochrany osobn&yacute;ch &uacute;dajov<\/a> a <a href=\"https:\/\/policies.google.com\/terms\/sk\/\" target=\"_blank\" rel=\"noopener\">Podmienky slu&#382;by<\/a> Google.        <\/p>\n\n        <button class=\"elementor-button zoom regFormButton\" data-button=\"submit\" id=\"form-btn\" type=\"button\">\n            Learn More        <\/button>\n\n        <div class=\"wrapper__rar-no\" data-modal=\"success\" style=\"display: none\">\n            <div class=\"success\">\n                <img decoding=\"async\" src=\"\/wp-content\/plugins\/fxbot-registration-form\/assets\/images\/regSuccess.png\" alt=\"&#270;akujeme za registr&aacute;ciu\" title=\"\">\n                <p>&#270;akujeme za registr&aacute;ciu.<br>N&aacute;&scaron; agent v&aacute;s bude &#269;oskoro kontaktova&#357;.<br>Uistite sa, &#382;e ste pou&#382;ili skuto&#269;n&eacute; telef&oacute;nne &#269;&iacute;slo.<br>Na zdravie.<\/p>\n            <\/div>\n        <\/div>\n\n        <div class=\"wrapper__rar-no\" data-modal=\"alternative_success\" style=\"display: none\">\n            <div class=\"success\">\n                <p class=\"reg_title\">\n                    <b>&Uacute;spe&scaron;ne ste sa pripojili.<\/b>\n                <\/p>\n                <p>Zamestnanec spolo&#269;nosti v&aacute;s &#269;oskoro skontaktuje. Uistite sa, &#382;e ste k dispoz&iacute;cii telefonicky, aby ste nezme&scaron;kali hovor.<\/p>\n            <\/div>\n        <\/div>\n\n        <div class=\"wrapper__error\" data-modal=\"error\" style=\"display: none\"><\/div>\n    <\/form>\n<\/div><div class=\"submit-overlay\" style=\"display: none;\">\n    <div class=\"lds-spinner\">\n        <div><\/div>\n        <div><\/div>\n        <div><\/div>\n        <div><\/div>\n        <div><\/div>\n        <div><\/div>\n        <div><\/div>\n        <div><\/div>\n    <\/div>\n    <p class=\"overlay-text\">Spoj&iacute;me v&aacute;s s najlep&scaron;&iacute;m makl&eacute;rom vo va&scaron;ej oblasti<\/p>\n<\/div>\n\n\n<\/div>\n<\/div><\/div>\n<\/div>\n<\/div><div class=\"gb-container gb-container-197d4570\">\n\n<a class=\"gb-button gb-button-e8c7dfa5\" href=\"https:\/\/immediateevex.com\/sk\/\"><span class=\"gb-button-text\">Z&Iacute;SKAJTE PR&Iacute;STUP K R00001 TERAZ<\/span><span class=\"gb-icon\"><svg xmlns=\"http:\/\/www.w3.org\/2000\/svg\" aria-hidden=\"true\" role=\"img\" height=\"1em\" width=\"1em\" viewbox=\"0 0 256 512\"><path fill=\"currentColor\" d=\"M224.3 273l-136 136c-9.4 9.4-24.6 9.4-33.9 0l-22.6-22.6c-9.4-9.4-9.4-24.6 0-33.9l96.4-96.4-96.4-96.4c-9.4-9.4-9.4-24.6 0-33.9L54.3 103c9.4-9.4 24.6-9.4 33.9 0l136 136c9.5 9.4 9.5 24.6.1 34z\"><\/path><\/svg><\/span><\/a>\n\n<\/div><div class=\"gb-container gb-container-1bdeec8b\">\n<div class=\"gb-container gb-container-9d34a979\"><\/div>\n\n<div class=\"gb-container gb-container-1e789d4e\">\n\n<h3 class=\"gb-headline gb-headline-29613722 gb-headline-text\"><strong>Odomknite v&yacute;hody softv&eacute;ru R00001<\/strong><\/h3>\n\n\n\n<p>R00001 Vynik&aacute; v anal&yacute;ze trhu v re&aacute;lnom &#269;ase a r&yacute;chlej realiz&aacute;cii<br><br>Jednou z v&yacute;nimo&#269;n&yacute;ch vlastnost&iacute; R00001 je jeho bezkonkuren&#269;n&aacute; schopnos&#357; nepretr&#382;ite zhroma&#382;&#271;ova&#357; a efekt&iacute;vne analyzova&#357; trhov&eacute; &uacute;daje v re&aacute;lnom &#269;ase. To umo&#382;&#328;uje n&aacute;&scaron;mu softv&eacute;ru vykon&aacute;va&#357; obchodn&eacute; pr&iacute;kazy za v&aacute;s bezkonkuren&#269;nou r&yacute;chlos&#357;ou, &#269;&iacute;m prekon&aacute;va &#318;udsk&yacute;ch obchodn&iacute;kov aj in&eacute; softv&eacute;rov&eacute; rie&scaron;enia. Okrem toho sa R00001 spolieha na &scaron;tatistick&uacute; anal&yacute;zu, logiku a matematick&eacute; algoritmy na prij&iacute;manie objekt&iacute;vnych obchodn&yacute;ch rozhodnut&iacute;, &#269;&iacute;m eliminuje vplyv &#318;udsk&yacute;ch em&oacute;ci&iacute; a nezabezpe&#269;uje priestor pre emocion&aacute;lne obchodovanie.<br><br>&#270;al&scaron;ou pozoruhodnou schopnos&#357;ou R00001 je funkcia backstagingu. Tento neocenite&#318;n&yacute; n&aacute;stroj v&aacute;m umo&#382;&#328;uje otestova&#357; nastavenia na z&aacute;klade minul&yacute;ch trhov&yacute;ch podmienok a zabezpe&#269;i&#357;, aby zvolen&eacute; konfigur&aacute;cie boli &#269;o najziskovej&scaron;ie. Va&scaron;e starostlivo vypracovan&eacute; pravidl&aacute; bud&uacute; verne zachovan&eacute; a dodr&#382;iavan&eacute;, zatia&#318; &#269;o n&aacute;&scaron; sofistikovan&yacute; softv&eacute;r zvl&aacute;dne v&scaron;etku &#357;a&#382;k&uacute; pr&aacute;cu.<br><br>R00001 pon&uacute;ka flexibilitu automatick&yacute;ch aj manu&aacute;lnych mo&#382;nost&iacute; obchodovania, &#269;o umo&#382;&#328;uje pou&#382;&iacute;vate&#318;om zvoli&#357; si &uacute;rove&#328; zapojenia sa do svojich obchodov na z&aacute;klade &uacute;rovne ich zru&#269;nost&iacute;, dostupn&eacute;ho &#269;asu alebo osobn&eacute;ho z&aacute;ujmu. Navy&scaron;e s R00001 m&ocirc;&#382;ete spravova&#357; viacero &uacute;&#269;tov, ktor&eacute; v&aacute;m poskytuj&uacute; bohat&eacute; obchodn&eacute; mo&#382;nosti, mo&#382;nos&#357; testova&#357;, upravova&#357; a porovn&aacute;va&#357; strat&eacute;gie, &#269;o v kone&#269;nom d&ocirc;sledku otv&aacute;ra dvere k ziskovej&scaron;&iacute;m pr&iacute;le&#382;itostiam. <\/p>\n\n<\/div>\n<\/div><div class=\"gb-container gb-container-67945ee0\">\n<div class=\"gb-container gb-container-12a13938\">\n\n<a class=\"gb-button gb-button-15cad45f\" href=\"https:\/\/immediateevex.com\/sk\/\"><span class=\"gb-button-text\"><strong>Test R00001<\/strong><\/span><span class=\"gb-icon\"><svg xmlns=\"http:\/\/www.w3.org\/2000\/svg\" aria-hidden=\"true\" role=\"img\" height=\"1em\" width=\"1em\" viewbox=\"0 0 256 512\"><path fill=\"currentColor\" d=\"M224.3 273l-136 136c-9.4 9.4-24.6 9.4-33.9 0l-22.6-22.6c-9.4-9.4-9.4-24.6 0-33.9l96.4-96.4-96.4-96.4c-9.4-9.4-9.4-24.6 0-33.9L54.3 103c9.4-9.4 24.6-9.4 33.9 0l136 136c9.5 9.4 9.5 24.6.1 34z\"><\/path><\/svg><\/span><\/a>\n\n<\/div>\n<\/div><div class=\"gb-container gb-container-5d2e4740\">\n<div class=\"gb-container gb-container-d34d15be\">\n<div class=\"gb-grid-wrapper gb-grid-wrapper-4257ebc4\">\n<div class=\"gb-grid-column gb-grid-column-60a1d140\"><div class=\"gb-container gb-container-60a1d140\">\n<div class=\"gb-container gb-container-d446dbb2\">\n\n<span class=\"gb-button gb-button-4f39012e\"><span class=\"gb-icon\"><svg xmlns=\"http:\/\/www.w3.org\/2000\/svg\" height=\"15\" width=\"15\" fill=\"none\" viewbox=\"0 0 15 15\"><path fill=\"currentColor\" d=\"M4 1.5V4H1.5A1.5 1.5 0 000 5.5v8A1.5 1.5 0 001.5 15h8a1.5 1.5 0 001.5-1.5V11h2.5A1.5 1.5 0 0015 9.5v-8A1.5 1.5 0 0013.5 0h-8A1.5 1.5 0 004 1.5zM5.5 1a.5.5 0 00-.5.5V4h4.5A1.5 1.5 0 0111 5.5V10h2.5a.5.5 0 00.5-.5v-8a.5.5 0 00-.5-.5h-8zm0 10A1.5 1.5 0 014 9.5V5H1.5a.5.5 0 00-.5.5v8a.5.5 0 00.5.5h8a.5.5 0 00.5-.5V11H5.5z\" clip-rule=\"evenodd\" fill-rule=\"evenodd\"><\/path><\/svg><\/span><\/span>\n\n<\/div>\n\n\n<h3 class=\"gb-headline gb-headline-f8d314cb gb-headline-text\"><strong>Softv&eacute;rov&eacute; rie&scaron;enie<\/strong><\/h3>\n\n\n\n<p>R00002: Va&scaron;e dostupn&eacute; a bezprobl&eacute;mov&eacute; obchodn&eacute; rie&scaron;enie<br><br>R00002 je &uacute;&#269;elovo navrhnut&yacute; tak, aby vyhovoval obchodn&iacute;kom v&scaron;etk&yacute;ch &uacute;rovn&iacute; zru&#269;nost&iacute; a pon&uacute;ka u&#382;&iacute;vate&#318;sky pr&iacute;jemn&uacute; a intuit&iacute;vnu platformu pre bezprobl&eacute;mov&eacute; obchodovanie Bitcoin a kryptomenami. Na&scaron;&iacute;m cie&#318;om je zabezpe&#269;i&#357;, aby sa obchodovanie stalo pre ka&#382;d&eacute;ho pou&#382;&iacute;vate&#318;a pohodln&yacute;m a efekt&iacute;vnym.<br><br>S R00002 sa m&ocirc;&#382;ete z&uacute;&#269;astni&#357; vzru&scaron;uj&uacute;ceho sveta obchodovania s kryptomenami bez toho, aby ste museli venova&#357; ve&#318;a &#269;asu a &uacute;silia &scaron;t&uacute;diu zlo&#382;itosti trhu alebo anal&yacute;ze komplexn&yacute;ch inform&aacute;ci&iacute; a trendov o trhu. Pre&#269; s&uacute; dni, ke&#271; ste sa c&iacute;tili ohromen&iacute; n&aacute;ro&#269;nou &uacute;lohou nau&#269;i&#357; sa obchodova&#357; a usilova&#357; sa o potenci&aacute;lne zisky. R00002 v&aacute;m poskytuje rie&scaron;enie, ako za&#269;a&#357; obchodova&#357; bez n&aacute;mahy, dokonca aj bez predch&aacute;dzaj&uacute;cich znalost&iacute; alebo sk&uacute;senost&iacute;, &#269;&iacute;m sa minimalizuje potrebn&yacute; &#269;as a &uacute;silie.<br><br>Za&#382;ite jednoduchos&#357; a dostupnos&#357; R00002, ke&#271; v&aacute;m umo&#382;n&iacute;me vyda&#357; sa na cestu obchodovania s istotou a jednoduchos&#357;ou.<\/p>\n\n<\/div><\/div>\n\n<div class=\"gb-grid-column gb-grid-column-6922dcd9\"><div class=\"gb-container gb-container-6922dcd9\">\n<div class=\"gb-container gb-container-b5c2993b\">\n\n<span class=\"gb-button gb-button-05b34aef\"><span class=\"gb-icon\"><svg xmlns=\"http:\/\/www.w3.org\/2000\/svg\" height=\"15\" width=\"15\" fill=\"none\" viewbox=\"0 0 15 15\"><path fill=\"currentColor\" d=\"M4 4V1.5A1.5 1.5 0 015.5 0h8A1.5 1.5 0 0115 1.5v8a1.5 1.5 0 01-1.5 1.5H11v2.5A1.5 1.5 0 019.5 15h-8A1.5 1.5 0 010 13.5v-8A1.5 1.5 0 011.5 4H4zm6 1v5H5V5h5z\" clip-rule=\"evenodd\" fill-rule=\"evenodd\"><\/path><\/svg><\/span><\/span>\n\n<\/div>\n\n\n<h3 class=\"gb-headline gb-headline-13950594 gb-headline-text\"><strong>R00002 Trader Review<\/strong><\/h3>\n\n\n\n<p>R00002: D&ocirc;veryhodn&yacute; obchodn&yacute; n&aacute;stroj s bezkonkuren&#269;nou presnos&#357;ou<br><br>R00002 predstavuje spo&#318;ahliv&yacute; a efekt&iacute;vny obchodn&yacute; n&aacute;stroj, ktor&yacute; pon&uacute;ka manu&aacute;lne aj plne automatizovan&eacute; mo&#382;nosti na vykon&aacute;vanie presn&yacute;ch obchodov s kryptomenami vo va&scaron;om mene. N&aacute;&scaron; softv&eacute;r je postaven&yacute; na pokro&#269;il&yacute;ch algoritmoch, ktor&eacute; starostlivo analyzuj&uacute; trhov&eacute; &uacute;daje a zabezpe&#269;uj&uacute;, &#382;e obchody sa vykon&aacute;vaj&uacute; s vynikaj&uacute;cou presnos&#357;ou 99,4 %. To, &#269;o odli&scaron;uje R00003 od ostatn&yacute;ch, je jeho pozoruhodn&aacute; 0,01 sekundov&aacute; v&yacute;hoda oproti in&yacute;m softv&eacute;rov&yacute;m rie&scaron;eniam, v&#271;aka &#269;omu je preferovanou vo&#318;bou medzi obchodn&iacute;kmi.<br><br>V&yacute;nimo&#269;n&yacute; v&yacute;kon R00003 si z&iacute;skal uznanie od v&aacute;&#382;enej americkej obchodnej asoci&aacute;cie, &#269;&iacute;m si zabezpe&#269;il poz&iacute;ciu ved&uacute;ceho obchodn&eacute;ho softv&eacute;ru vo svojej kateg&oacute;rii. Okrem toho jeho bezprobl&eacute;mov&eacute; fungovanie bez potreby s&#357;ahovania z&iacute;skalo s&uacute;hlas antiv&iacute;rusov&yacute;ch spolo&#269;nost&iacute;, &#269;o &#271;alej posil&#328;uje jeho d&ocirc;veryhodnos&#357; a d&ocirc;veru pou&#382;&iacute;vate&#318;ov.<br><br>Za&#382;ite silu R00003 a odomknite svet presn&eacute;ho a efekt&iacute;vneho obchodovania s kryptomenami, ktor&yacute; sa nepodob&aacute; &#382;iadnemu in&eacute;mu.<\/p>\n\n<\/div><\/div>\n\n<div class=\"gb-grid-column gb-grid-column-58d3b69b\"><div class=\"gb-container gb-container-58d3b69b\">\n<div class=\"gb-container gb-container-7f21e89f\">\n\n<span class=\"gb-button gb-button-df17151f\"><span class=\"gb-icon\"><svg xmlns=\"http:\/\/www.w3.org\/2000\/svg\" height=\"15\" width=\"15\" fill=\"none\" viewbox=\"0 0 15 15\"><path fill=\"currentColor\" d=\"M4 4H1.5A1.5 1.5 0 000 5.5v8A1.5 1.5 0 001.5 15h8a1.5 1.5 0 001.5-1.5V11h2.5A1.5 1.5 0 0015 9.5v-8A1.5 1.5 0 0013.5 0h-8A1.5 1.5 0 004 1.5V4zm1-2.5a.5.5 0 01.5-.5h8a.5.5 0 01.5.5v8a.5.5 0 01-.5.5h-8a.5.5 0 01-.5-.5v-8z\" clip-rule=\"evenodd\" fill-rule=\"evenodd\"><\/path><\/svg><\/span><\/span>\n\n<\/div>\n\n\n<h3 class=\"gb-headline gb-headline-7625b1b1 gb-headline-text\"><strong>Dragons Den<\/strong><\/h3>\n\n\n\n<p>R00003: Legit&iacute;mny obchodn&yacute; softv&eacute;r nes&uacute;visiaci s Dragons Den Scam<br><br>R00003 chce objasni&#357; ak&eacute;ko&#318;vek myln&eacute; predstavy a uisti&#357; v&aacute;s, &#382;e n&aacute;&scaron; softv&eacute;r nie je &#382;iadnym sp&ocirc;sobom spojen&yacute; s nesl&aacute;vne zn&aacute;mym Dragons Den Scam alebo podvodnou sch&eacute;mou Bitcoin Loophole. Dragons Den, &#269;asto pou&#382;&iacute;van&yacute; ako z&aacute;sterka pre podvodn&eacute; praktiky, sa pok&uacute;&scaron;a oklama&#357; ni&#269; netu&scaron;iacich jednotlivcov, aby investovali do podvodu, ktor&yacute; sa maskuje ako inovat&iacute;vny softv&eacute;r pre za&#269;&iacute;naj&uacute;cich podnikate&#318;ov. Je d&ocirc;le&#382;it&eacute; poznamena&#357;, &#382;e Dragons Den nikdy nepredstavoval origin&aacute;lny softv&eacute;r R00003 a nikdy nebol podporovan&yacute; &scaron;ou alebo jej obsaden&iacute;m.<br><br>Ch&aacute;peme d&ocirc;le&#382;itos&#357; d&ocirc;very a transparentnosti v odvetv&iacute; obchodovania s kryptomenami. R00003 je legit&iacute;mny a uzn&aacute;van&yacute; obchodn&yacute; softv&eacute;r, ktor&yacute; funguje nez&aacute;visle od ak&yacute;chko&#318;vek podvodn&yacute;ch aktiv&iacute;t. D&ocirc;razne v&aacute;m odpor&uacute;&#269;ame, aby ste boli opatrn&iacute; a vyh&yacute;bali sa reklam&aacute;m alebo publik&aacute;ci&aacute;m, ktor&eacute; uv&aacute;dzaj&uacute; nepodlo&#382;en&eacute; tvrdenia sp&aacute;jaj&uacute;ce n&aacute;&scaron; softv&eacute;r s pochybn&yacute;mi praktikami.<br><br>Uis&#357;ujeme v&aacute;s, &#382;e R00003 sa zaviazala poskytova&#357; d&ocirc;veryhodn&uacute; a bezpe&#269;n&uacute; obchodn&uacute; platformu pre va&scaron;e snahy o kryptomeny.<\/p>\n\n<\/div><\/div>\n<\/div>\n<\/div>\n<\/div><div class=\"gb-container gb-container-39bfdacb\">\n<div class=\"gb-container gb-container-45f3ab74\">\n\n<h3 class=\"gb-headline gb-headline-e982b89b gb-headline-text\">Bezpe&#269;ne sa zaregistrujte na R00001<\/h3>\n\n\n\n<a class=\"gb-button gb-button-a3e3ab09\" href=\"https:\/\/immediateevex.com\/sk\/\"><span class=\"gb-button-text\">Zaregistrujte sa bezpe&#269;ne<\/span><span class=\"gb-icon\"><svg xmlns=\"http:\/\/www.w3.org\/2000\/svg\" aria-hidden=\"true\" role=\"img\" height=\"1em\" width=\"1em\" viewbox=\"0 0 256 512\"><path fill=\"currentColor\" d=\"M224.3 273l-136 136c-9.4 9.4-24.6 9.4-33.9 0l-22.6-22.6c-9.4-9.4-9.4-24.6 0-33.9l96.4-96.4-96.4-96.4c-9.4-9.4-9.4-24.6 0-33.9L54.3 103c9.4-9.4 24.6-9.4 33.9 0l136 136c9.5 9.4 9.5 24.6.1 34z\"><\/path><\/svg><\/span><\/a>\n\n<\/div>\n<\/div>\n","protected":false},"excerpt":{"rendered":"<p>R00001 &ndash; O n&aacute;s Odomknite v&yacute;hody softv&eacute;ru R00001 R00001 Vynik&aacute; v anal&yacute;ze trhu v re&aacute;lnom &#269;ase a r&yacute;chlej realiz&aacute;cii Jednou z v&yacute;nimo&#269;n&yacute;ch vlastnost&iacute; R00001 je jeho bezkonkuren&#269;n&aacute; schopnos&#357; nepretr&#382;ite zhroma&#382;&#271;ova&#357; a efekt&iacute;vne analyzova&#357; trhov&eacute; &uacute;daje v re&aacute;lnom &#269;ase. To umo&#382;&#328;uje n&aacute;&scaron;mu softv&eacute;ru vykon&aacute;va&#357; obchodn&eacute; pr&iacute;kazy za v&aacute;s bezkonkuren&#269;nou r&yacute;chlos&#357;ou, &#269;&iacute;m prekon&aacute;va &#318;udsk&yacute;ch obchodn&iacute;kov aj in&eacute; &#8230; <a title=\"O n\u00e1s\" class=\"read-more\" href=\"https:\/\/immediateevex.com\/sk\/o-nas\/\" aria-label=\"Pre\u010d\u00edtajte si viac o O n\u00e1s\">Read more<\/a><\/p>\n","protected":false},"author":1,"featured_media":0,"parent":0,"menu_order":0,"comment_status":"closed","ping_status":"closed","template":"","meta":{"footnotes":""},"class_list":["post-4657","page","type-page","status-publish"],"_links":{"self":[{"href":"https:\/\/immediateevex.com\/sk\/wp-json\/wp\/v2\/pages\/4657","targetHints":{"allow":["GET"]}}],"collection":[{"href":"https:\/\/immediateevex.com\/sk\/wp-json\/wp\/v2\/pages"}],"about":[{"href":"https:\/\/immediateevex.com\/sk\/wp-json\/wp\/v2\/types\/page"}],"author":[{"embeddable":true,"href":"https:\/\/immediateevex.com\/sk\/wp-json\/wp\/v2\/users\/1"}],"replies":[{"embeddable":true,"href":"https:\/\/immediateevex.com\/sk\/wp-json\/wp\/v2\/comments?post=4657"}],"version-history":[{"count":3,"href":"https:\/\/immediateevex.com\/sk\/wp-json\/wp\/v2\/pages\/4657\/revisions"}],"predecessor-version":[{"id":13363,"href":"https:\/\/immediateevex.com\/sk\/wp-json\/wp\/v2\/pages\/4657\/revisions\/13363"}],"wp:attachment":[{"href":"https:\/\/immediateevex.com\/sk\/wp-json\/wp\/v2\/media?parent=4657"}],"curies":[{"name":"wp","href":"https:\/\/api.w.org\/{rel}","templated":true}]}}